{"id":21225,"date":"2025-02-20T16:38:51","date_gmt":"2025-02-20T16:38:51","guid":{"rendered":"https:\/\/4dart.com\/?page_id=21225"},"modified":"2025-07-15T13:56:31","modified_gmt":"2025-07-15T13:56:31","slug":"fiche-bio-thibault-picquoin","status":"publish","type":"page","link":"https:\/\/4dart.com\/fr\/fiche-bio-thibault-picquoin\/","title":{"rendered":"Fiche BIO &#8211; Thibault Picquoin"},"content":{"rendered":"\t\t<div data-elementor-type=\"wp-page\" data-elementor-id=\"21225\" class=\"elementor elementor-21225\" data-elementor-post-type=\"page\">\n\t\t\t\t<div class=\"elementor-element elementor-element-f812a89 e-con-full e-flex e-con e-parent\" data-id=\"f812a89\" data-element_type=\"container\" data-e-type=\"container\">\n\t\t\t\t<div class=\"elementor-element elementor-element-d03c307 elementor-widget elementor-widget-text-editor\" data-id=\"d03c307\" data-element_type=\"widget\" data-e-type=\"widget\" data-widget_type=\"text-editor.default\">\n\t\t\t\t<div class=\"elementor-widget-container\">\n\t\t\t\t\t\t\t\t\t<p>La vraie vie commence lorsque les lumi\u00e8res s&#8217;\u00e9teignent et que le projecteur s&#8217;allume. Alors, ACTION !<\/p>\t\t\t\t\t\t\t\t<\/div>\n\t\t\t\t<\/div>\n\t\t\t\t<\/div>\n\t\t<div class=\"elementor-element elementor-element-835f9c6 e-con-full e-flex e-con e-parent\" data-id=\"835f9c6\" data-element_type=\"container\" data-e-type=\"container\">\n\t\t\t\t<div class=\"elementor-element elementor-element-cf59b5a elementor-widget__width-initial elementor-invisible elementor-widget elementor-widget-kahlo_core_section_title\" data-id=\"cf59b5a\" data-element_type=\"widget\" data-e-type=\"widget\" data-settings=\"{&quot;_animation&quot;:&quot;fadeIn&quot;}\" data-widget_type=\"kahlo_core_section_title.default\">\n\t\t\t\t<div class=\"elementor-widget-container\">\n\t\t\t\t\t<div class=\"qodef-shortcode qodef-m qodef-section-title qodef-alignment--center\">\n\t\t<h1 class=\"qodef-m-title\" >\n\t\t\t\t\tThibault Picquoin\t\t\t<\/h1>\n\t    \n<\/div>\n\t\t\t\t<\/div>\n\t\t\t\t<\/div>\n\t\t\t\t<\/div>\n\t\t<div class=\"elementor-element elementor-element-3203947 e-con-full e-flex e-con e-parent\" data-id=\"3203947\" data-element_type=\"container\" data-e-type=\"container\">\n\t\t\t\t<div class=\"elementor-element elementor-element-19822f7 e-transform elementor-widget elementor-widget-spacer\" data-id=\"19822f7\" data-element_type=\"widget\" data-e-type=\"widget\" data-settings=\"{&quot;_transform_scale_effect_mobile&quot;:{&quot;unit&quot;:&quot;px&quot;,&quot;size&quot;:0,&quot;sizes&quot;:[]},&quot;_transform_scale_effect&quot;:{&quot;unit&quot;:&quot;px&quot;,&quot;size&quot;:&quot;&quot;,&quot;sizes&quot;:[]},&quot;_transform_scale_effect_tablet&quot;:{&quot;unit&quot;:&quot;px&quot;,&quot;size&quot;:&quot;&quot;,&quot;sizes&quot;:[]}}\" data-widget_type=\"spacer.default\">\n\t\t\t\t<div class=\"elementor-widget-container\">\n\t\t\t\t\t\t\t<div class=\"elementor-spacer\">\n\t\t\t<div class=\"elementor-spacer-inner\"><\/div>\n\t\t<\/div>\n\t\t\t\t\t\t<\/div>\n\t\t\t\t<\/div>\n\t\t\t\t<div class=\"elementor-element elementor-element-e14864a elementor-invisible elementor-widget elementor-widget-kahlo_core_single_image\" data-id=\"e14864a\" data-element_type=\"widget\" data-e-type=\"widget\" data-settings=\"{&quot;_animation&quot;:&quot;fadeIn&quot;}\" data-widget_type=\"kahlo_core_single_image.default\">\n\t\t\t\t<div class=\"elementor-widget-container\">\n\t\t\t\t\t<div class=\"qodef-shortcode qodef-m qodef-single-image qodef-layout--default qodef-parallax-item\">\n\t\t\t<div class=\"qodef-m-image\">\n\t\t\t\t\t\t\t\t<img fetchpriority=\"high\" decoding=\"async\" width=\"843\" height=\"680\" src=\"https:\/\/4dart.com\/wp-content\/uploads\/2025\/02\/8030-e1740069415521.jpg\" class=\"attachment-kahlo_core_image_size_huge-square size-kahlo_core_image_size_huge-square\" alt=\"\" srcset=\"https:\/\/4dart.com\/wp-content\/uploads\/2025\/02\/8030-e1740069415521.jpg 843w, https:\/\/4dart.com\/wp-content\/uploads\/2025\/02\/8030-e1740069415521-300x242.jpg 300w, https:\/\/4dart.com\/wp-content\/uploads\/2025\/02\/8030-e1740069415521-768x620.jpg 768w, https:\/\/4dart.com\/wp-content\/uploads\/2025\/02\/8030-e1740069415521-600x484.jpg 600w, https:\/\/4dart.com\/wp-content\/uploads\/2025\/02\/8030-e1740069415521-760x613.jpg 760w, https:\/\/4dart.com\/wp-content\/uploads\/2025\/02\/8030-e1740069415521-370x298.jpg 370w\" sizes=\"(max-width: 843px) 100vw, 843px\" \/>\t\t\t\t\t\t\t<\/div>\n\t<\/div>\n\t\t\t\t<\/div>\n\t\t\t\t<\/div>\n\t\t\t\t<\/div>\n\t\t<div class=\"elementor-element elementor-element-64e27de e-con-full e-flex e-con e-parent\" data-id=\"64e27de\" data-element_type=\"container\" data-e-type=\"container\">\n\t\t\t\t<div class=\"elementor-element elementor-element-be4a964 elementor-invisible elementor-widget elementor-widget-kahlo_core_custom_font\" data-id=\"be4a964\" data-element_type=\"widget\" data-e-type=\"widget\" data-settings=\"{&quot;_animation&quot;:&quot;fadeIn&quot;}\" data-widget_type=\"kahlo_core_custom_font.default\">\n\t\t\t\t<div class=\"elementor-widget-container\">\n\t\t\t\t\t<p class=\"qodef-shortcode qodef-m qodef-custom-font qodef-custom-font-778 qodef-layout--simple\" style=\"font-family: Space Grotesk;font-size: 40px;line-height: 40px;letter-spacing: -0.05em;font-weight: 500\">Directeur technologiques et Assistant \u00e0 la Direction artistique<\/p>\n\t\t\t\t<\/div>\n\t\t\t\t<\/div>\n\t\t\t\t<div class=\"elementor-element elementor-element-7148d86 elementor-widget elementor-widget-spacer\" data-id=\"7148d86\" data-element_type=\"widget\" data-e-type=\"widget\" data-widget_type=\"spacer.default\">\n\t\t\t\t<div class=\"elementor-widget-container\">\n\t\t\t\t\t\t\t<div class=\"elementor-spacer\">\n\t\t\t<div class=\"elementor-spacer-inner\"><\/div>\n\t\t<\/div>\n\t\t\t\t\t\t<\/div>\n\t\t\t\t<\/div>\n\t\t\t\t<\/div>\n\t\t<div class=\"elementor-element elementor-element-2b527b9 e-con-full e-flex e-con e-parent\" data-id=\"2b527b9\" data-element_type=\"container\" data-e-type=\"container\">\n\t\t\t\t<div class=\"elementor-element elementor-element-375564c elementor-invisible elementor-widget elementor-widget-text-editor\" data-id=\"375564c\" data-element_type=\"widget\" data-e-type=\"widget\" data-settings=\"{&quot;_animation&quot;:&quot;fadeIn&quot;}\" data-widget_type=\"text-editor.default\">\n\t\t\t\t<div class=\"elementor-widget-container\">\n\t\t\t\t\t\t\t\t\t<p data-start=\"85\" data-end=\"615\"><a href=\"https:\/\/thibzpic.com\/\">Thibault Picquoin<\/a> est un r\u00e9alisateur, animateur et artiste multidisciplinaire n\u00e9 le 18 mars 1997 \u00e0 Toulouse, la Ville Rose. D\u00e8s son plus jeune \u00e2ge, son quotidien est rythm\u00e9 par les dessins anim\u00e9s du matin, les soir\u00e9es DVD et les sorties au cin\u00e9ma CGR, des moments qui marquent profond\u00e9ment son imaginaire. Grandissant dans un petit village, il a toujours ressenti que la v\u00e9ritable aventure commen\u00e7ait lorsque les lumi\u00e8res s\u2019\u00e9teignaient et que l\u2019\u00e9cran s\u2019illuminait. C\u2019est ainsi qu\u2019il a su qu\u2019un jour, lui aussi, il ferait partie de ce monde fantastique.<\/p><p data-start=\"617\" data-end=\"1163\">Apr\u00e8s plusieurs ann\u00e9es d\u2019exploration dans divers domaines, notamment des \u00e9tudes sportives et l\u2019obtention d\u2019un Master en marketing, Thibault d\u00e9cide en 2018 de partir en \u00e9change universitaire \u00e0 Tokyo. \u00c9tudier \u00e0 l\u2019Universit\u00e9 Keio constitue une exp\u00e9rience transformative, marqu\u00e9e par une profonde croissance personnelle et une prise de conscience artistique. C\u2019est l\u00e0 qu\u2019il suit ses premiers cours de dessin, de philosophie et d\u2019histoire de l\u2019art, amor\u00e7ant ainsi son parcours vers sa v\u00e9ritable passion : le cin\u00e9ma et, plus pr\u00e9cis\u00e9ment, l\u2019animation.<\/p><p data-start=\"1165\" data-end=\"2003\">De retour du Japon, il se consacre enti\u00e8rement aux arts visuels et \u00e0 l\u2019animation, \u00e9tudiant successivement en France et au Canada. Son premier court-m\u00e9trage, <em data-start=\"1332\" data-end=\"1354\">The Clock Is Ticking<\/em>, attire l\u2019attention de festivals prestigieux tels que le Festival international d\u2019animation d\u2019Ottawa et le Fantasia International Film Festival. Poursuivant son exploration d\u2019un style hybride et multim\u00e9dia, Thibault s\u2019inspire fortement des \u0153uvres de Masaaki Yuasa tout en int\u00e9grant une diversit\u00e9 d\u2019influences issues de diff\u00e9rents courants d\u2019animation. En mai 2024, il obtient un Bachelor en Beaux-Arts \u00e0 l\u2019Universit\u00e9 Concordia, o\u00f9 il est r\u00e9compens\u00e9 par un prix honorifique saluant l\u2019excellence de son travail. Son film de fin d\u2019\u00e9tudes, <em data-start=\"1891\" data-end=\"1904\">The Mushpit<\/em>, est s\u00e9lectionn\u00e9 dans plusieurs festivals internationaux et remporte plusieurs distinctions.<\/p><p data-start=\"1165\" data-end=\"2003\">En 2025, Thibault a collabor\u00e9 avec <a href=\"https:\/\/4dart.com\/fr\/fiche-bio-michel-lemieux\/\">Michel Lemieux<\/a> \u00e0 la conception du parcours p\u00e9destre nocturne <a href=\"https:\/\/www.parcomega.ca\/le-parcours-pedestre-nocturne\/\"><em data-start=\"191\" data-end=\"198\">ONIRO<\/em><\/a>, pr\u00e9sent\u00e9 au parc OM\u00c9GA. Il a r\u00e9alis\u00e9 le storyboard des projections qui composent les 17 tableaux du parcours, offrant une immersion de 60 minutes dans les r\u00eaves des animaux.<\/p><p data-start=\"2005\" data-end=\"2273\">Aujourd\u2019hui, il poursuit son exploration et son \u00e9panouissement artistique aux c\u00f4t\u00e9s de 4D ART.<\/p>\t\t\t\t\t\t\t\t<\/div>\n\t\t\t\t<\/div>\n\t\t\t\t<\/div>\n\t\t<div class=\"elementor-element elementor-element-391cd54 e-con-full e-flex e-con e-parent\" data-id=\"391cd54\" data-element_type=\"container\" data-e-type=\"container\">\n\t\t<div class=\"elementor-element elementor-element-ee3a819 e-con-full e-flex e-con e-child\" data-id=\"ee3a819\" data-element_type=\"container\" data-e-type=\"container\">\n\t\t\t\t<div class=\"elementor-element elementor-element-4eafa1c elementor-widget elementor-widget-spacer\" data-id=\"4eafa1c\" data-element_type=\"widget\" data-e-type=\"widget\" data-widget_type=\"spacer.default\">\n\t\t\t\t<div class=\"elementor-widget-container\">\n\t\t\t\t\t\t\t<div class=\"elementor-spacer\">\n\t\t\t<div class=\"elementor-spacer-inner\"><\/div>\n\t\t<\/div>\n\t\t\t\t\t\t<\/div>\n\t\t\t\t<\/div>\n\t\t\t\t<\/div>\n\t\t<div class=\"elementor-element elementor-element-35321d9 e-con-full e-flex e-con e-child\" data-id=\"35321d9\" data-element_type=\"container\" data-e-type=\"container\" data-settings=\"{&quot;background_background&quot;:&quot;classic&quot;}\">\n\t\t<div class=\"elementor-element elementor-element-cf3dd1c e-con-full e-flex e-con e-child\" data-id=\"cf3dd1c\" data-element_type=\"container\" data-e-type=\"container\">\n\t\t\t\t<div class=\"elementor-element elementor-element-6b0cbb9 elementor-widget elementor-widget-image\" data-id=\"6b0cbb9\" data-element_type=\"widget\" data-e-type=\"widget\" data-widget_type=\"image.default\">\n\t\t\t\t<div class=\"elementor-widget-container\">\n\t\t\t\t\t\t\t\t\t\t\t\t\t\t\t\t<a href=\"https:\/\/brouillon-4dart-com.preview-domain.com\/\">\n\t\t\t\t\t\t\t<img decoding=\"async\" width=\"320\" height=\"100\" src=\"https:\/\/4dart.com\/wp-content\/uploads\/2025\/01\/Logo-4dart-rectangle-XN.jpg\" class=\"attachment-full size-full wp-image-20350\" alt=\"\" srcset=\"https:\/\/4dart.com\/wp-content\/uploads\/2025\/01\/Logo-4dart-rectangle-XN.jpg 320w, https:\/\/4dart.com\/wp-content\/uploads\/2025\/01\/Logo-4dart-rectangle-XN-300x94.jpg 300w\" sizes=\"(max-width: 320px) 100vw, 320px\" \/>\t\t\t\t\t\t\t\t<\/a>\n\t\t\t\t\t\t\t\t\t\t\t\t\t\t\t<\/div>\n\t\t\t\t<\/div>\n\t\t\t\t<\/div>\n\t\t<div class=\"elementor-element elementor-element-784fbd6 e-con-full e-flex e-con e-child\" data-id=\"784fbd6\" data-element_type=\"container\" data-e-type=\"container\">\n\t\t\t\t<div class=\"elementor-element elementor-element-327afd4 elementor-widget elementor-widget-qi_addons_for_elementor_animated_text\" data-id=\"327afd4\" data-element_type=\"widget\" data-e-type=\"widget\" data-widget_type=\"qi_addons_for_elementor_animated_text.default\">\n\t\t\t\t<div class=\"elementor-widget-container\">\n\t\t\t\t\t<div class=\"qodef-shortcode qodef-m qodef-qi-animated-text qodef--animated-by-letter qodef--alignment-left qodef-qi--has-appear qodef--appear-from-bottom\" >\n\t\t<h3 class=\"qodef-m-title\">\n\t\t<span class=\"qodef-e-word-holder\">Art<\/span> <span class=\"qodef-e-word-holder\">num\u00e9rique<\/span> <span class=\"qodef-e-word-holder\">+<\/span> <span class=\"qodef-e-word-holder\">Humaniste<\/span>\t<\/h3>\n<\/div>\n\t\t\t\t<\/div>\n\t\t\t\t<\/div>\n\t\t\t\t<\/div>\n\t\t<div class=\"elementor-element elementor-element-9165f8e e-con-full e-flex e-con e-child\" data-id=\"9165f8e\" data-element_type=\"container\" data-e-type=\"container\">\n\t\t\t\t<div class=\"elementor-element elementor-element-b63b946 elementor-widget elementor-widget-text-editor\" data-id=\"b63b946\" data-element_type=\"widget\" data-e-type=\"widget\" data-widget_type=\"text-editor.default\">\n\t\t\t\t<div class=\"elementor-widget-container\">\n\t\t\t\t\t\t\t\t\t<p>\u00a0<\/p><p class=\"qodef-custom-footer-link-holder\"><a class=\"qodef-custom-footer-link-underline\" href=\"mailto:contact@4dart.com\" target=\"_blank\" rel=\"noopener\">contact@4dart.com<\/a><\/p>\t\t\t\t\t\t\t\t<\/div>\n\t\t\t\t<\/div>\n\t\t\t\t<\/div>\n\t\t\t\t<\/div>\n\t\t\t\t<\/div>\n\t\t\t\t<\/div>\n\t\t","protected":false},"excerpt":{"rendered":"<p>La vraie vie commence lorsque les lumi\u00e8res s&#8217;\u00e9teignent et que le projecteur s&#8217;allume. Alors, ACTION ! Thibault Picquoin Directeur technologiques et Assistant \u00e0 la Direction artistique Thibault Picquoin est un r\u00e9alisateur, animateur et artiste multidisciplinaire n\u00e9 le 18 mars 1997 \u00e0 Toulouse, la Ville Rose. D\u00e8s son plus jeune \u00e2ge, son quotidien est rythm\u00e9 par [&hellip;]<\/p>\n","protected":false},"author":1,"featured_media":0,"parent":0,"menu_order":0,"comment_status":"closed","ping_status":"closed","template":"page-full-width.php","meta":{"footnotes":""},"class_list":["post-21225","page","type-page","status-publish","hentry"],"_links":{"self":[{"href":"https:\/\/4dart.com\/fr\/wp-json\/wp\/v2\/pages\/21225","targetHints":{"allow":["GET"]}}],"collection":[{"href":"https:\/\/4dart.com\/fr\/wp-json\/wp\/v2\/pages"}],"about":[{"href":"https:\/\/4dart.com\/fr\/wp-json\/wp\/v2\/types\/page"}],"author":[{"embeddable":true,"href":"https:\/\/4dart.com\/fr\/wp-json\/wp\/v2\/users\/1"}],"replies":[{"embeddable":true,"href":"https:\/\/4dart.com\/fr\/wp-json\/wp\/v2\/comments?post=21225"}],"version-history":[{"count":3,"href":"https:\/\/4dart.com\/fr\/wp-json\/wp\/v2\/pages\/21225\/revisions"}],"predecessor-version":[{"id":21992,"href":"https:\/\/4dart.com\/fr\/wp-json\/wp\/v2\/pages\/21225\/revisions\/21992"}],"wp:attachment":[{"href":"https:\/\/4dart.com\/fr\/wp-json\/wp\/v2\/media?parent=21225"}],"curies":[{"name":"wp","href":"https:\/\/api.w.org\/{rel}","templated":true}]}}