{"id":21224,"date":"2025-02-20T16:09:47","date_gmt":"2025-02-20T16:09:47","guid":{"rendered":"https:\/\/4dart.com\/?page_id=21224"},"modified":"2025-07-08T15:07:41","modified_gmt":"2025-07-08T15:07:41","slug":"fiche-bio-victor-pilon","status":"publish","type":"page","link":"https:\/\/4dart.com\/fr\/fiche-bio-victor-pilon\/","title":{"rendered":"Fiche BIO &#8211; Victor Pilon"},"content":{"rendered":"\t\t<div data-elementor-type=\"wp-page\" data-elementor-id=\"21224\" class=\"elementor elementor-21224\" data-elementor-post-type=\"page\">\n\t\t\t\t<div class=\"elementor-element elementor-element-f812a89 e-con-full e-flex e-con e-parent\" data-id=\"f812a89\" data-element_type=\"container\" data-e-type=\"container\">\n\t\t\t\t<div class=\"elementor-element elementor-element-d03c307 elementor-widget elementor-widget-text-editor\" data-id=\"d03c307\" data-element_type=\"widget\" data-e-type=\"widget\" data-widget_type=\"text-editor.default\">\n\t\t\t\t<div class=\"elementor-widget-container\">\n\t\t\t\t\t\t\t\t\t<p>Un explorateur des profondeurs de l&#8217;\u00e2me humaine<\/p>\t\t\t\t\t\t\t\t<\/div>\n\t\t\t\t<\/div>\n\t\t\t\t<\/div>\n\t\t<div class=\"elementor-element elementor-element-835f9c6 e-con-full e-flex e-con e-parent\" data-id=\"835f9c6\" data-element_type=\"container\" data-e-type=\"container\">\n\t\t\t\t<div class=\"elementor-element elementor-element-cf59b5a elementor-widget__width-initial elementor-invisible elementor-widget elementor-widget-kahlo_core_section_title\" data-id=\"cf59b5a\" data-element_type=\"widget\" data-e-type=\"widget\" data-settings=\"{&quot;_animation&quot;:&quot;fadeIn&quot;}\" data-widget_type=\"kahlo_core_section_title.default\">\n\t\t\t\t<div class=\"elementor-widget-container\">\n\t\t\t\t\t<div class=\"qodef-shortcode qodef-m qodef-section-title qodef-alignment--center\">\n\t\t<h1 class=\"qodef-m-title\" >\n\t\t\t\t\tVictor Pilon\t\t\t<\/h1>\n\t    \n<\/div>\n\t\t\t\t<\/div>\n\t\t\t\t<\/div>\n\t\t\t\t<\/div>\n\t\t<div class=\"elementor-element elementor-element-3203947 e-con-full e-flex e-con e-parent\" data-id=\"3203947\" data-element_type=\"container\" data-e-type=\"container\">\n\t\t\t\t<div class=\"elementor-element elementor-element-19822f7 e-transform elementor-widget elementor-widget-spacer\" data-id=\"19822f7\" data-element_type=\"widget\" data-e-type=\"widget\" data-settings=\"{&quot;_transform_scale_effect_mobile&quot;:{&quot;unit&quot;:&quot;px&quot;,&quot;size&quot;:0,&quot;sizes&quot;:[]},&quot;_transform_scale_effect&quot;:{&quot;unit&quot;:&quot;px&quot;,&quot;size&quot;:&quot;&quot;,&quot;sizes&quot;:[]},&quot;_transform_scale_effect_tablet&quot;:{&quot;unit&quot;:&quot;px&quot;,&quot;size&quot;:&quot;&quot;,&quot;sizes&quot;:[]}}\" data-widget_type=\"spacer.default\">\n\t\t\t\t<div class=\"elementor-widget-container\">\n\t\t\t\t\t\t\t<div class=\"elementor-spacer\">\n\t\t\t<div class=\"elementor-spacer-inner\"><\/div>\n\t\t<\/div>\n\t\t\t\t\t\t<\/div>\n\t\t\t\t<\/div>\n\t\t\t\t<div class=\"elementor-element elementor-element-e14864a elementor-invisible elementor-widget elementor-widget-kahlo_core_single_image\" data-id=\"e14864a\" data-element_type=\"widget\" data-e-type=\"widget\" data-settings=\"{&quot;_animation&quot;:&quot;fadeIn&quot;}\" data-widget_type=\"kahlo_core_single_image.default\">\n\t\t\t\t<div class=\"elementor-widget-container\">\n\t\t\t\t\t<div class=\"qodef-shortcode qodef-m qodef-single-image qodef-layout--default qodef-parallax-item\">\n\t\t\t<div class=\"qodef-m-image\">\n\t\t\t\t\t\t\t\t<img fetchpriority=\"high\" decoding=\"async\" width=\"998\" height=\"650\" src=\"https:\/\/4dart.com\/wp-content\/uploads\/2025\/02\/solo_Victor-P-e1740068316515-998x650.jpg\" class=\"attachment-kahlo_core_image_size_landscape size-kahlo_core_image_size_landscape\" alt=\"\" \/>\t\t\t\t\t\t\t<\/div>\n\t<\/div>\n\t\t\t\t<\/div>\n\t\t\t\t<\/div>\n\t\t\t\t<\/div>\n\t\t<div class=\"elementor-element elementor-element-64e27de e-con-full e-flex e-con e-parent\" data-id=\"64e27de\" data-element_type=\"container\" data-e-type=\"container\">\n\t\t\t\t<div class=\"elementor-element elementor-element-be4a964 elementor-invisible elementor-widget elementor-widget-kahlo_core_custom_font\" data-id=\"be4a964\" data-element_type=\"widget\" data-e-type=\"widget\" data-settings=\"{&quot;_animation&quot;:&quot;fadeIn&quot;}\" data-widget_type=\"kahlo_core_custom_font.default\">\n\t\t\t\t<div class=\"elementor-widget-container\">\n\t\t\t\t\t<p class=\"qodef-shortcode qodef-m qodef-custom-font qodef-custom-font-970 qodef-layout--simple\" style=\"font-family: Space Grotesk;font-size: 40px;line-height: 40px;letter-spacing: -0.05em;font-weight: 500\">Co-directeur artistique (O.C., R.V.M., C.Q., C.A.L.Q.)<\/p>\n\t\t\t\t<\/div>\n\t\t\t\t<\/div>\n\t\t\t\t<div class=\"elementor-element elementor-element-7148d86 elementor-widget elementor-widget-spacer\" data-id=\"7148d86\" data-element_type=\"widget\" data-e-type=\"widget\" data-widget_type=\"spacer.default\">\n\t\t\t\t<div class=\"elementor-widget-container\">\n\t\t\t\t\t\t\t<div class=\"elementor-spacer\">\n\t\t\t<div class=\"elementor-spacer-inner\"><\/div>\n\t\t<\/div>\n\t\t\t\t\t\t<\/div>\n\t\t\t\t<\/div>\n\t\t\t\t<\/div>\n\t\t<div class=\"elementor-element elementor-element-2b527b9 e-con-full e-flex e-con e-parent\" data-id=\"2b527b9\" data-element_type=\"container\" data-e-type=\"container\">\n\t\t\t\t<div class=\"elementor-element elementor-element-375564c elementor-invisible elementor-widget elementor-widget-text-editor\" data-id=\"375564c\" data-element_type=\"widget\" data-e-type=\"widget\" data-settings=\"{&quot;_animation&quot;:&quot;fadeIn&quot;}\" data-widget_type=\"text-editor.default\">\n\t\t\t\t<div class=\"elementor-widget-container\">\n\t\t\t\t\t\t\t\t\t<div class=\"equipe-1col\"><p>Metteur en sc\u00e8ne, sc\u00e9nographe, concepteur visuel et photographe, Victor Pilon fait partie de cette premi\u00e8re g\u00e9n\u00e9ration d\u2019artistes qu\u2019on a qualifi\u00e9e de cr\u00e9ateurs multidisciplinaires. Au d\u00e9but des ann\u00e9es 1980, apr\u00e8s un s\u00e9jour de deux ans en Europe, il obtient un baccalaur\u00e9at en arts visuels avec sp\u00e9cialisation en photographie. Il a couvert une trentaine de visites de la famille royale au Canada comme photographe officiel de m\u00eame que celles d\u2019autres chef d\u2019\u00c9tat pour le gouvernement du Qu\u00e9bec et le gouvernement du Canada. \u00c0 titre d\u2019artiste visuel, Victor Pilon a expos\u00e9 ses cr\u00e9ations dans diverses galeries au Canada. Ses \u0153uvres font partie de la collection de la Banque d\u2019art du Conseil des arts du Canada et des Archives publiques du Canada. Un ouvrage sur son travail artistique a \u00e9t\u00e9 publi\u00e9 en 1988.<\/p><p>Install\u00e9 \u00e0 Montr\u00e9al, il rencontre au tournant des ann\u00e9es 1990 celui qui deviendra son plus grand collaborateur : <a href=\"https:\/\/4dart.com\/fr\/equipe\/biographie\/michel-lemieux\/\">Michel Lemieux<\/a>. De Lemieux Pilon 4D Art nait des spectacles uniques o\u00f9 le sens et l\u2019\u00e9motion sont sublim\u00e9s par l\u2019utilisation des nouvelles technologies. Le tandem maitrise avec audace l\u2019int\u00e9gration du th\u00e9\u00e2tre, du cin\u00e9ma, de la danse, de la po\u00e9sie, des arts visuels et de la musique dans la cr\u00e9ation d\u2019univers sc\u00e9niques in\u00e9dits. C\u2019est ainsi que sont cr\u00e9\u00e9s notamment Territoires oniriques, une \u0153uvre installation pour le 30\u00e8 anniversaire de la compagnie au Mus\u00e9e des Beaux arts de Montr\u00e9al, Icare, La Belle et la b\u00eate et La Temp\u00eate de Shakespeare au Th\u00e9\u00e2tre du Nouveau Monde, ainsi que <a href=\"https:\/\/4dart.com\/fr\/creation\/2007\/norman\/\">NORMAN, spectacle hommage au cin\u00e9aste canadien Norman McLaren<\/a>. En partenariat avec les Op\u00e9ras de Qu\u00e9bec et de Montr\u00e9al, le duo a cr\u00e9\u00e9 Starmania Op\u00e9ra. Le spectacle TORUK, le premier envol est la quatri\u00e8me collaboration de Lemieux et Pilon avec le Cirque du Soleil apr\u00e8s DELIRIUM, Soleil de Minuit, spectacle comm\u00e9morant \u00e0 la fois le 20e anniversaire du Cirque du Soleil et la 25e saison du Festival International de Jazz de Montr\u00e9al, ainsi qu&#8217;un num\u00e9ro pour le spectacle permanent Michael Jackson ONE. Ils signent <a href=\"https:\/\/4dart.com\/fr\/creation\/2013\/continuum\/\">Continuum<\/a>, sur la musique du catalogue Philip Glass, <a href=\"https:\/\/4dart.com\/fr\/creation\/2013\/continuum\/\">le premier spectacle multim\u00e9dia du nouveau plan\u00e9tarium Rio Tinto Alcan de Montr\u00e9al<\/a>. Ils collaborent aussi r\u00e9guli\u00e8rement \u00e0 des expositions et \u00e0 des \u00e9v\u00e8nements sp\u00e9ciaux. Gr\u00e2ce \u00e0 plus d\u2019une trentaine de productions, le travail de Lemieux et Pilon est applaudi au Canada, aux \u00c9tats-Unis, en Europe, en Am\u00e9rique Latine, en Australie et en Asie.<\/p><p>Depuis 2016, <a href=\"https:\/\/4dart.com\/fr\/creation\/2016\/cite-memoire\/\">Cit\u00e9 M\u00e9moire, le plus grand parcours urbain vid\u00e9o au monde<\/a>, cr\u00e9\u00e9 en collaboration avec Michel Marc Bouchard, prend vie chaque soir sur les murs du Vieux-Montr\u00e9al. Sa plus r\u00e9cente cr\u00e9ation, <a href=\"https:\/\/4dart.com\/fr\/creation\/2021\/victor-pilon-mythe-sisyphe-performance\/\" target=\"_blank\" rel=\"noopener\">Sisyphe<\/a> est l\u2019aboutissement de sa d\u00e9marche, alors qu\u2019il se met lui-m\u00eame en sc\u00e8ne dans une performance physique d\u2019art contemporain \u00e0 la fois introspective et contemplative. Un <a href=\"https:\/\/4dart.com\/fr\/creation\/2024\/sisyphe-film-art-victor-pilon\/\" target=\"_blank\" rel=\"noopener\">film d&#8217;art<\/a> cr\u00e9\u00e9 par l&#8217;artiste \u00e0 partir de s\u00e9quences film\u00e9es lors de sa performance de 2021 \u00e0 Montr\u00e9al est actuellement pr\u00e9sent\u00e9e dans les festivals de films.<\/p><p>En mars 2024, <em data-start=\"150\" data-end=\"169\">Sisyphe \u2013 le film<\/em> a \u00e9t\u00e9 pr\u00e9sent\u00e9 en cl\u00f4ture du prestigieux Festival international du film sur l\u2019art (FIFA) \u00e0 Montr\u00e9al. En juin, la performance originale a travers\u00e9 l\u2019Atlantique pour \u00eatre accueillie au Holland Festival \u00e0 Amsterdam, l\u2019un des plus importants rendez-vous artistiques d\u2019Europe. De retour \u00e0 Montr\u00e9al en janvier 2025, le film a fait l\u2019objet d\u2019une pr\u00e9sentation sp\u00e9ciale \u00e0 la Cin\u00e9math\u00e8que qu\u00e9b\u00e9coise, soulignant l\u2019ancrage local de cette cr\u00e9ation profond\u00e9ment introspective. \u00c0 l\u2019automne 2025, <em data-start=\"713\" data-end=\"732\">Sisyphe \u2013 le film<\/em> rejoindra la programmation de la plateforme ARTS.FILM du FIFA, prolongeant ainsi sa diffusion aupr\u00e8s d\u2019un large public curieux d\u2019art et de r\u00e9flexion.<\/p><\/div>\t\t\t\t\t\t\t\t<\/div>\n\t\t\t\t<\/div>\n\t\t\t\t<\/div>\n\t\t<div class=\"elementor-element elementor-element-f25eca1 e-con-full e-flex e-con e-parent\" data-id=\"f25eca1\" data-element_type=\"container\" data-e-type=\"container\">\n\t\t<div class=\"elementor-element elementor-element-d82a5c0 e-con-full e-flex e-con e-child\" data-id=\"d82a5c0\" data-element_type=\"container\" data-e-type=\"container\">\n\t\t\t\t<div class=\"elementor-element elementor-element-d45b667 elementor-widget elementor-widget-spacer\" data-id=\"d45b667\" data-element_type=\"widget\" data-e-type=\"widget\" data-widget_type=\"spacer.default\">\n\t\t\t\t<div class=\"elementor-widget-container\">\n\t\t\t\t\t\t\t<div class=\"elementor-spacer\">\n\t\t\t<div class=\"elementor-spacer-inner\"><\/div>\n\t\t<\/div>\n\t\t\t\t\t\t<\/div>\n\t\t\t\t<\/div>\n\t\t\t\t<\/div>\n\t\t<div class=\"elementor-element elementor-element-fe995a8 e-con-full e-flex e-con e-child\" data-id=\"fe995a8\" data-element_type=\"container\" data-e-type=\"container\" data-settings=\"{&quot;background_background&quot;:&quot;classic&quot;}\">\n\t\t<div class=\"elementor-element elementor-element-f0880fb e-con-full e-flex e-con e-child\" data-id=\"f0880fb\" data-element_type=\"container\" data-e-type=\"container\">\n\t\t\t\t<div class=\"elementor-element elementor-element-a8e9b19 elementor-widget elementor-widget-image\" data-id=\"a8e9b19\" data-element_type=\"widget\" data-e-type=\"widget\" data-widget_type=\"image.default\">\n\t\t\t\t<div class=\"elementor-widget-container\">\n\t\t\t\t\t\t\t\t\t\t\t\t\t\t\t\t<a href=\"https:\/\/brouillon-4dart-com.preview-domain.com\/\">\n\t\t\t\t\t\t\t<img decoding=\"async\" width=\"320\" height=\"100\" src=\"https:\/\/4dart.com\/wp-content\/uploads\/2025\/01\/Logo-4dart-rectangle-XN.jpg\" class=\"attachment-full size-full wp-image-20350\" alt=\"\" srcset=\"https:\/\/4dart.com\/wp-content\/uploads\/2025\/01\/Logo-4dart-rectangle-XN.jpg 320w, https:\/\/4dart.com\/wp-content\/uploads\/2025\/01\/Logo-4dart-rectangle-XN-300x94.jpg 300w\" sizes=\"(max-width: 320px) 100vw, 320px\" \/>\t\t\t\t\t\t\t\t<\/a>\n\t\t\t\t\t\t\t\t\t\t\t\t\t\t\t<\/div>\n\t\t\t\t<\/div>\n\t\t\t\t<\/div>\n\t\t<div class=\"elementor-element elementor-element-98edbd9 e-con-full e-flex e-con e-child\" data-id=\"98edbd9\" data-element_type=\"container\" data-e-type=\"container\">\n\t\t\t\t<div class=\"elementor-element elementor-element-d3aba62 elementor-widget elementor-widget-qi_addons_for_elementor_animated_text\" data-id=\"d3aba62\" data-element_type=\"widget\" data-e-type=\"widget\" data-widget_type=\"qi_addons_for_elementor_animated_text.default\">\n\t\t\t\t<div class=\"elementor-widget-container\">\n\t\t\t\t\t<div class=\"qodef-shortcode qodef-m qodef-qi-animated-text qodef--animated-by-letter qodef--alignment-left qodef-qi--has-appear qodef--appear-from-bottom\" >\n\t\t<h3 class=\"qodef-m-title\">\n\t\t<span class=\"qodef-e-word-holder\">Art<\/span> <span class=\"qodef-e-word-holder\">num\u00e9rique<\/span> <span class=\"qodef-e-word-holder\">+<\/span> <span class=\"qodef-e-word-holder\">Humaniste<\/span>\t<\/h3>\n<\/div>\n\t\t\t\t<\/div>\n\t\t\t\t<\/div>\n\t\t\t\t<\/div>\n\t\t<div class=\"elementor-element elementor-element-2896089 e-con-full e-flex e-con e-child\" data-id=\"2896089\" data-element_type=\"container\" data-e-type=\"container\">\n\t\t\t\t<div class=\"elementor-element elementor-element-5b86e7f elementor-widget elementor-widget-text-editor\" data-id=\"5b86e7f\" data-element_type=\"widget\" data-e-type=\"widget\" data-widget_type=\"text-editor.default\">\n\t\t\t\t<div class=\"elementor-widget-container\">\n\t\t\t\t\t\t\t\t\t<p>\u00a0<\/p><p class=\"qodef-custom-footer-link-holder\"><a class=\"qodef-custom-footer-link-underline\" href=\"mailto:contact@4dart.com\" target=\"_blank\" rel=\"noopener\">contact@4dart.com<\/a><\/p>\t\t\t\t\t\t\t\t<\/div>\n\t\t\t\t<\/div>\n\t\t\t\t<\/div>\n\t\t\t\t<\/div>\n\t\t\t\t<\/div>\n\t\t\t\t<\/div>\n\t\t","protected":false},"excerpt":{"rendered":"<p>Un explorateur des profondeurs de l&#8217;\u00e2me humaine Victor Pilon Co-directeur artistique (O.C., R.V.M., C.Q., C.A.L.Q.) Metteur en sc\u00e8ne, sc\u00e9nographe, concepteur visuel et photographe, Victor Pilon fait partie de cette premi\u00e8re g\u00e9n\u00e9ration d\u2019artistes qu\u2019on a qualifi\u00e9e de cr\u00e9ateurs multidisciplinaires. Au d\u00e9but des ann\u00e9es 1980, apr\u00e8s un s\u00e9jour de deux ans en Europe, il obtient un baccalaur\u00e9at [&hellip;]<\/p>\n","protected":false},"author":1,"featured_media":0,"parent":0,"menu_order":0,"comment_status":"closed","ping_status":"closed","template":"page-full-width.php","meta":{"footnotes":""},"class_list":["post-21224","page","type-page","status-publish","hentry"],"_links":{"self":[{"href":"https:\/\/4dart.com\/fr\/wp-json\/wp\/v2\/pages\/21224","targetHints":{"allow":["GET"]}}],"collection":[{"href":"https:\/\/4dart.com\/fr\/wp-json\/wp\/v2\/pages"}],"about":[{"href":"https:\/\/4dart.com\/fr\/wp-json\/wp\/v2\/types\/page"}],"author":[{"embeddable":true,"href":"https:\/\/4dart.com\/fr\/wp-json\/wp\/v2\/users\/1"}],"replies":[{"embeddable":true,"href":"https:\/\/4dart.com\/fr\/wp-json\/wp\/v2\/comments?post=21224"}],"version-history":[{"count":3,"href":"https:\/\/4dart.com\/fr\/wp-json\/wp\/v2\/pages\/21224\/revisions"}],"predecessor-version":[{"id":21980,"href":"https:\/\/4dart.com\/fr\/wp-json\/wp\/v2\/pages\/21224\/revisions\/21980"}],"wp:attachment":[{"href":"https:\/\/4dart.com\/fr\/wp-json\/wp\/v2\/media?parent=21224"}],"curies":[{"name":"wp","href":"https:\/\/api.w.org\/{rel}","templated":true}]}}