{"id":21223,"date":"2025-02-20T15:49:27","date_gmt":"2025-02-20T15:49:27","guid":{"rendered":"https:\/\/4dart.com\/?page_id=21223"},"modified":"2025-07-15T14:54:39","modified_gmt":"2025-07-15T14:54:39","slug":"fiche-bio-michel-lemieux","status":"publish","type":"page","link":"https:\/\/4dart.com\/fr\/fiche-bio-michel-lemieux\/","title":{"rendered":"Fiche BIO &#8211; Michel Lemieux"},"content":{"rendered":"\t\t<div data-elementor-type=\"wp-page\" data-elementor-id=\"21223\" class=\"elementor elementor-21223\" data-elementor-post-type=\"page\">\n\t\t\t\t<div class=\"elementor-element elementor-element-f812a89 e-con-full e-flex e-con e-parent\" data-id=\"f812a89\" data-element_type=\"container\" data-e-type=\"container\">\n\t\t\t\t<div class=\"elementor-element elementor-element-d03c307 elementor-widget elementor-widget-text-editor\" data-id=\"d03c307\" data-element_type=\"widget\" data-e-type=\"widget\" data-widget_type=\"text-editor.default\">\n\t\t\t\t<div class=\"elementor-widget-container\">\n\t\t\t\t\t\t\t\t\t<p>Au c\u0153ur infatigable et \u00e0 l&#8217;imagination rechargeable<\/p>\t\t\t\t\t\t\t\t<\/div>\n\t\t\t\t<\/div>\n\t\t\t\t<\/div>\n\t\t<div class=\"elementor-element elementor-element-835f9c6 e-con-full e-flex e-con e-parent\" data-id=\"835f9c6\" data-element_type=\"container\" data-e-type=\"container\">\n\t\t\t\t<div class=\"elementor-element elementor-element-cf59b5a elementor-widget__width-initial elementor-invisible elementor-widget elementor-widget-kahlo_core_section_title\" data-id=\"cf59b5a\" data-element_type=\"widget\" data-e-type=\"widget\" data-settings=\"{&quot;_animation&quot;:&quot;fadeIn&quot;}\" data-widget_type=\"kahlo_core_section_title.default\">\n\t\t\t\t<div class=\"elementor-widget-container\">\n\t\t\t\t\t<div class=\"qodef-shortcode qodef-m qodef-section-title qodef-alignment--center\">\n\t\t<h1 class=\"qodef-m-title\" >\n\t\t\t\t\tMichel Lemieux\t\t\t<\/h1>\n\t    \n<\/div>\n\t\t\t\t<\/div>\n\t\t\t\t<\/div>\n\t\t\t\t<\/div>\n\t\t<div class=\"elementor-element elementor-element-3203947 e-con-full e-flex e-con e-parent\" data-id=\"3203947\" data-element_type=\"container\" data-e-type=\"container\">\n\t\t\t\t<div class=\"elementor-element elementor-element-19822f7 e-transform elementor-widget elementor-widget-spacer\" data-id=\"19822f7\" data-element_type=\"widget\" data-e-type=\"widget\" data-settings=\"{&quot;_transform_scale_effect_mobile&quot;:{&quot;unit&quot;:&quot;px&quot;,&quot;size&quot;:0,&quot;sizes&quot;:[]},&quot;_transform_scale_effect&quot;:{&quot;unit&quot;:&quot;px&quot;,&quot;size&quot;:&quot;&quot;,&quot;sizes&quot;:[]},&quot;_transform_scale_effect_tablet&quot;:{&quot;unit&quot;:&quot;px&quot;,&quot;size&quot;:&quot;&quot;,&quot;sizes&quot;:[]}}\" data-widget_type=\"spacer.default\">\n\t\t\t\t<div class=\"elementor-widget-container\">\n\t\t\t\t\t\t\t<div class=\"elementor-spacer\">\n\t\t\t<div class=\"elementor-spacer-inner\"><\/div>\n\t\t<\/div>\n\t\t\t\t\t\t<\/div>\n\t\t\t\t<\/div>\n\t\t\t\t<div class=\"elementor-element elementor-element-e14864a elementor-invisible elementor-widget elementor-widget-kahlo_core_single_image\" data-id=\"e14864a\" data-element_type=\"widget\" data-e-type=\"widget\" data-settings=\"{&quot;_animation&quot;:&quot;fadeIn&quot;}\" data-widget_type=\"kahlo_core_single_image.default\">\n\t\t\t\t<div class=\"elementor-widget-container\">\n\t\t\t\t\t<div class=\"qodef-shortcode qodef-m qodef-single-image qodef-layout--default qodef-parallax-item\">\n\t\t\t<div class=\"qodef-m-image\">\n\t\t\t\t\t\t\t\t<img fetchpriority=\"high\" decoding=\"async\" width=\"1200\" height=\"800\" src=\"https:\/\/4dart.com\/wp-content\/uploads\/2025\/02\/0N8A5960.jpeg\" class=\"attachment-kahlo_core_image_size_huge-square size-kahlo_core_image_size_huge-square\" alt=\"\" srcset=\"https:\/\/4dart.com\/wp-content\/uploads\/2025\/02\/0N8A5960.jpeg 1200w, https:\/\/4dart.com\/wp-content\/uploads\/2025\/02\/0N8A5960-300x200.jpeg 300w, https:\/\/4dart.com\/wp-content\/uploads\/2025\/02\/0N8A5960-1024x683.jpeg 1024w, https:\/\/4dart.com\/wp-content\/uploads\/2025\/02\/0N8A5960-768x512.jpeg 768w, https:\/\/4dart.com\/wp-content\/uploads\/2025\/02\/0N8A5960-600x400.jpeg 600w, https:\/\/4dart.com\/wp-content\/uploads\/2025\/02\/0N8A5960-760x507.jpeg 760w, https:\/\/4dart.com\/wp-content\/uploads\/2025\/02\/0N8A5960-370x247.jpeg 370w\" sizes=\"(max-width: 1200px) 100vw, 1200px\" \/>\t\t\t\t\t\t\t<\/div>\n\t<\/div>\n\t\t\t\t<\/div>\n\t\t\t\t<\/div>\n\t\t\t\t<\/div>\n\t\t<div class=\"elementor-element elementor-element-64e27de e-con-full e-flex e-con e-parent\" data-id=\"64e27de\" data-element_type=\"container\" data-e-type=\"container\">\n\t\t\t\t<div class=\"elementor-element elementor-element-be4a964 elementor-invisible elementor-widget elementor-widget-kahlo_core_custom_font\" data-id=\"be4a964\" data-element_type=\"widget\" data-e-type=\"widget\" data-settings=\"{&quot;_animation&quot;:&quot;fadeIn&quot;}\" data-widget_type=\"kahlo_core_custom_font.default\">\n\t\t\t\t<div class=\"elementor-widget-container\">\n\t\t\t\t\t<p class=\"qodef-shortcode qodef-m qodef-custom-font qodef-custom-font-582 qodef-layout--simple\" style=\"font-family: Space Grotesk;font-size: 40px;line-height: 40px;letter-spacing: -0.05em;font-weight: 500\">Co-directeur artistique et Directeur g\u00e9n\u00e9ral strat\u00e9gie \n(O.C., C.Q., C.A.L.Q.)<\/p>\n\t\t\t\t<\/div>\n\t\t\t\t<\/div>\n\t\t\t\t<div class=\"elementor-element elementor-element-7148d86 elementor-widget elementor-widget-spacer\" data-id=\"7148d86\" data-element_type=\"widget\" data-e-type=\"widget\" data-widget_type=\"spacer.default\">\n\t\t\t\t<div class=\"elementor-widget-container\">\n\t\t\t\t\t\t\t<div class=\"elementor-spacer\">\n\t\t\t<div class=\"elementor-spacer-inner\"><\/div>\n\t\t<\/div>\n\t\t\t\t\t\t<\/div>\n\t\t\t\t<\/div>\n\t\t\t\t<\/div>\n\t\t<div class=\"elementor-element elementor-element-2b527b9 e-con-full e-flex e-con e-parent\" data-id=\"2b527b9\" data-element_type=\"container\" data-e-type=\"container\">\n\t\t\t\t<div class=\"elementor-element elementor-element-375564c elementor-invisible elementor-widget elementor-widget-text-editor\" data-id=\"375564c\" data-element_type=\"widget\" data-e-type=\"widget\" data-settings=\"{&quot;_animation&quot;:&quot;fadeIn&quot;}\" data-widget_type=\"text-editor.default\">\n\t\t\t\t<div class=\"elementor-widget-container\">\n\t\t\t\t\t\t\t\t\t<div class=\"equipe-1col\"><p>Artiste multidisciplinaire, dipl\u00f4m\u00e9 en production de l&#8217;\u00c9cole Nationale de Th\u00e9\u00e2tre du Canada en 1979, Michel Lemieux ne cesse d\u2019\u00e9tonner par l\u2019envergure de son registre cr\u00e9atif. Il collabore en 1980 \u00e0 une exposition de groupe intitul\u00e9e <em>TRACES\/TRACKS<\/em> cr\u00e9\u00e9e au Mus\u00e9e d\u2019art contemporain de Montr\u00e9al. Il rencontre \u00c9douard Lock, jeune chor\u00e9graphe de la nouvelle danse \u00e0 Montr\u00e9al. Lemieux devient alors compositeur\/performeur de <em>LA LA LA Human Steps<\/em> au c\u00f4t\u00e9 de Louise Lecavalier. En 1982, Michel cr\u00e9e les performances <em>LE TYMPAN DE LA CANTATRICE <\/em>et <em>L\u2019\u0152IL RECHARGEABLE<\/em> \u00e0 la Galerie V\u00e9hicule Art et les pr\u00e9sente en tourn\u00e9e au Canada et en France.\u00a0En 1984, le spectacle solo multidisciplinaire de Lemieux, <em>SOLIDE SALADE<\/em>, marquera les arts vivants nationaux et internationaux et sera jou\u00e9 sur les sc\u00e8nes de quatre continents pendant des ann\u00e9es.<\/p><p>D\u00e8s 1990, il fonde, avec Victor Pilon, Lemieux Pilon 4D Art d\u2019o\u00f9 naissent des spectacles uniques o\u00f9 le sens et l\u2019\u00e9motion sont sublim\u00e9s par l\u2019utilisation des nouvelles technologies. C\u2019est ainsi que sont con\u00e7us notamment <em>GRAND H\u00d4TEL DES \u00c9TRANGERS<\/em>, cr\u00e9\u00e9 au Mus\u00e9e d\u2019art contemporain de Montr\u00e9al\u2009; <em>ORF\u00c9O<\/em>, cr\u00e9\u00e9 \u00e0 l\u2019Usine C\u2009; et <em>ANIMA<\/em>, cr\u00e9\u00e9 \u00e0 la Fonderie Darling. Ces spectacles ont fait l\u2019objet de nombreuses tourn\u00e9es internationales.\u00a0<\/p><p>En 2014, l\u2019installation num\u00e9rique <em>TERRITOIRES ONIRIQUES<\/em> est pr\u00e9sent\u00e9e au Mus\u00e9e des beaux-arts de Montr\u00e9al pour c\u00e9l\u00e9brer le 30e anniversaire de 4D Art. De plus, Lemieux a co-mis en sc\u00e8ne les spectacles de th\u00e9\u00e2tre <em>LA TEMP\u00caTE, LA BELLE ET LA B\u00caTE<\/em> et <em>ICARE<\/em>, cr\u00e9\u00e9s au <em>TH\u00c9\u00c2TRE DU NOUVEAU-MONDE<\/em>, et <em>NORMAN<\/em>, cr\u00e9\u00e9 \u00e0 la 5e salle de la <em>PLACE DES ARTS.<\/em> Ces derniers spectacles ont \u00e9galement \u00e9t\u00e9 pr\u00e9sent\u00e9s lors de nombreuses tourn\u00e9es internationales comme plusieurs autres de ses cr\u00e9ations aux fronti\u00e8res des arts num\u00e9riques et des arts vivants.<\/p><p>Lemieux a \u00e9galement co-sign\u00e9 avec Pilon les grands spectacles de tourn\u00e9es d\u2019ar\u00e9nas <em>DELIRIUM<\/em> et <em>TORUK<\/em> pour le <em>CIRQUE DU SOLEIL<\/em> diffus\u00e9s pendant quatre ans chacun dans le monde entier. De plus, Lemieux co-con\u00e7oit et r\u00e9alise <em>CONTINUUM<\/em>, un film narratif immersif d\u00f4me pour le nouveau <em>PLAN\u00c9TARIUM RIO TINTO ALCAN DE MONTR\u00c9AL.\u00a0<\/em><\/p><p>Depuis 2016, Lemieux a co-cr\u00e9\u00e9 et r\u00e9alis\u00e9 <em>CIT\u00c9 M\u00c9MOIRE MONTR\u00c9AL<\/em>, le plus grand parcours de projections urbaines au monde. Plus r\u00e9cemment, il a sign\u00e9 la conception et la r\u00e9alisation de <em>CIT\u00c9 M\u00c9MOIRE POINTE-AUX-TREMBLES<\/em> et <em>CIT\u00c9 M\u00c9MOIRE CHARLEVOIX.<\/em><\/p><p>De plus, Lemieux a cr\u00e9\u00e9 et r\u00e9alis\u00e9 le parcours de r\u00e9alit\u00e9s augment\u00e9es <em>PARCOURS INSITU<\/em>, parcours culturel num\u00e9rique mettant en vedette 17 institutions culturelles de Montr\u00e9al, et le <em>MUR INSITU<\/em>, mur interactif projet\u00e9 \u00e0 l\u2019ext\u00e9rieur sur un des murs de la Maison symphonique de Montr\u00e9al et sur le Th\u00e9\u00e2tre Hector-Charland de l\u2019Assomption. Ces derni\u00e8res cr\u00e9ations sont encore pr\u00e9sent\u00e9es \u00e0 ce jour.<\/p><p>Outre ses premi\u00e8res performances, il a cr\u00e9\u00e9 <em>LA DISSOLUTION DE LADY MACBETH<\/em>, une \u0153uvre num\u00e9rique command\u00e9e par le Mus\u00e9e des beaux-arts de Montr\u00e9al qui ouvrait l\u2019exposition Thierry Mugler: Couturissime et qui a \u00e9t\u00e9 vue par plus de 1,2 million de visiteurs \u00e0 Montr\u00e9al, Rotterdam, Munich, Paris et Brooklyn.\u00a0<\/p><p>Depuis 2020, Michel Lemieux a r\u00e9alis\u00e9 plusieurs \u0153uvres narratives en r\u00e9alit\u00e9 virtuelle, soit <em>INTOUCH\u00c9, INVISIBLE<\/em> et <em>ICARUS<\/em>. Cette derni\u00e8re a \u00e9t\u00e9 vue dans de nombreux festivals de cin\u00e9ma dans le monde incluant le Festival de CANNES XR. Ces \u0153uvres ont \u00e9t\u00e9 regroup\u00e9es dans l\u2019<em>ESPACE 4D ART<\/em>, un espace virtuel o\u00f9 l\u2019art num\u00e9rique est un prolongement de l\u2019art vivant, cr\u00e9\u00e9 dans le cadre de l\u2019exposition <em>PIONNIERS NUM\u00c9RIQUES<\/em> organis\u00e9e par le <em>CENTRE PHI<\/em> pour le 60e anniversaire de la <em>PLACE DES ARTS<\/em> \u00e0 l\u2019automne 2023. Michel a \u00e9galement con\u00e7u, r\u00e9alis\u00e9 et co-\u00e9crit avec <a href=\"https:\/\/4dart.com\/fr\/fiche-bio-denis\/\">Denis Morin<\/a> le parcours p\u00e9destre nocturne <a href=\"https:\/\/www.parcomega.ca\/le-parcours-pedestre-nocturne\/\"><em>ONIRO\u00a0<\/em><\/a>pr\u00e9sent\u00e9 depuis juin 2025 au parc OM\u00c9GA. Ce parcours comprend 17 tableaux de projections, offrant un total de 60 minutes d\u2019immersion dans les r\u00eaves des animaux du parc.<\/p><p>Michel continue toujours d\u2019\u00e9tendre son univers cr\u00e9atif avec de nombreuses nouvelles cr\u00e9ations \u00e0 venir.<\/p><\/div>\t\t\t\t\t\t\t\t<\/div>\n\t\t\t\t<\/div>\n\t\t\t\t<\/div>\n\t\t<div class=\"elementor-element elementor-element-3664793 e-con-full e-flex e-con e-parent\" data-id=\"3664793\" data-element_type=\"container\" data-e-type=\"container\">\n\t\t<div class=\"elementor-element elementor-element-52e692c e-con-full e-flex e-con e-child\" data-id=\"52e692c\" data-element_type=\"container\" data-e-type=\"container\">\n\t\t\t\t<div class=\"elementor-element elementor-element-c230b9c elementor-widget elementor-widget-spacer\" data-id=\"c230b9c\" data-element_type=\"widget\" data-e-type=\"widget\" data-widget_type=\"spacer.default\">\n\t\t\t\t<div class=\"elementor-widget-container\">\n\t\t\t\t\t\t\t<div class=\"elementor-spacer\">\n\t\t\t<div class=\"elementor-spacer-inner\"><\/div>\n\t\t<\/div>\n\t\t\t\t\t\t<\/div>\n\t\t\t\t<\/div>\n\t\t\t\t<\/div>\n\t\t<div class=\"elementor-element elementor-element-87448e4 e-con-full e-flex e-con e-child\" data-id=\"87448e4\" data-element_type=\"container\" data-e-type=\"container\" data-settings=\"{&quot;background_background&quot;:&quot;classic&quot;}\">\n\t\t<div class=\"elementor-element elementor-element-e0d9f2a e-con-full e-flex e-con e-child\" data-id=\"e0d9f2a\" data-element_type=\"container\" data-e-type=\"container\">\n\t\t\t\t<div class=\"elementor-element elementor-element-7c90431 elementor-widget elementor-widget-image\" data-id=\"7c90431\" data-element_type=\"widget\" data-e-type=\"widget\" data-widget_type=\"image.default\">\n\t\t\t\t<div class=\"elementor-widget-container\">\n\t\t\t\t\t\t\t\t\t\t\t\t\t\t\t\t<a href=\"https:\/\/brouillon-4dart-com.preview-domain.com\/\">\n\t\t\t\t\t\t\t<img decoding=\"async\" width=\"320\" height=\"100\" src=\"https:\/\/4dart.com\/wp-content\/uploads\/2025\/01\/Logo-4dart-rectangle-XN.jpg\" class=\"attachment-full size-full wp-image-20350\" alt=\"\" srcset=\"https:\/\/4dart.com\/wp-content\/uploads\/2025\/01\/Logo-4dart-rectangle-XN.jpg 320w, https:\/\/4dart.com\/wp-content\/uploads\/2025\/01\/Logo-4dart-rectangle-XN-300x94.jpg 300w\" sizes=\"(max-width: 320px) 100vw, 320px\" \/>\t\t\t\t\t\t\t\t<\/a>\n\t\t\t\t\t\t\t\t\t\t\t\t\t\t\t<\/div>\n\t\t\t\t<\/div>\n\t\t\t\t<\/div>\n\t\t<div class=\"elementor-element elementor-element-48f061a e-con-full e-flex e-con e-child\" data-id=\"48f061a\" data-element_type=\"container\" data-e-type=\"container\">\n\t\t\t\t<div class=\"elementor-element elementor-element-5544cfa elementor-widget elementor-widget-qi_addons_for_elementor_animated_text\" data-id=\"5544cfa\" data-element_type=\"widget\" data-e-type=\"widget\" data-widget_type=\"qi_addons_for_elementor_animated_text.default\">\n\t\t\t\t<div class=\"elementor-widget-container\">\n\t\t\t\t\t<div class=\"qodef-shortcode qodef-m qodef-qi-animated-text qodef--animated-by-letter qodef--alignment-left qodef-qi--has-appear qodef--appear-from-bottom\" >\n\t\t<h3 class=\"qodef-m-title\">\n\t\t<span class=\"qodef-e-word-holder\">Art<\/span> <span class=\"qodef-e-word-holder\">num\u00e9rique<\/span> <span class=\"qodef-e-word-holder\">+<\/span> <span class=\"qodef-e-word-holder\">Humaniste<\/span>\t<\/h3>\n<\/div>\n\t\t\t\t<\/div>\n\t\t\t\t<\/div>\n\t\t\t\t<\/div>\n\t\t<div class=\"elementor-element elementor-element-e79a595 e-con-full e-flex e-con e-child\" data-id=\"e79a595\" data-element_type=\"container\" data-e-type=\"container\">\n\t\t\t\t<div class=\"elementor-element elementor-element-6d74ca1 elementor-widget elementor-widget-text-editor\" data-id=\"6d74ca1\" data-element_type=\"widget\" data-e-type=\"widget\" data-widget_type=\"text-editor.default\">\n\t\t\t\t<div class=\"elementor-widget-container\">\n\t\t\t\t\t\t\t\t\t<p>\u00a0<\/p><p class=\"qodef-custom-footer-link-holder\"><a class=\"qodef-custom-footer-link-underline\" href=\"mailto:contact@4dart.com\" target=\"_blank\" rel=\"noopener\">contact@4dart.com<\/a><\/p>\t\t\t\t\t\t\t\t<\/div>\n\t\t\t\t<\/div>\n\t\t\t\t<\/div>\n\t\t\t\t<\/div>\n\t\t\t\t<\/div>\n\t\t\t\t<\/div>\n\t\t","protected":false},"excerpt":{"rendered":"<p>Au c\u0153ur infatigable et \u00e0 l&#8217;imagination rechargeable Michel Lemieux Co-directeur artistique et Directeur g\u00e9n\u00e9ral strat\u00e9gie (O.C., C.Q., C.A.L.Q.) Artiste multidisciplinaire, dipl\u00f4m\u00e9 en production de l&#8217;\u00c9cole Nationale de Th\u00e9\u00e2tre du Canada en 1979, Michel Lemieux ne cesse d\u2019\u00e9tonner par l\u2019envergure de son registre cr\u00e9atif. Il collabore en 1980 \u00e0 une exposition de groupe intitul\u00e9e TRACES\/TRACKS cr\u00e9\u00e9e [&hellip;]<\/p>\n","protected":false},"author":1,"featured_media":0,"parent":0,"menu_order":0,"comment_status":"closed","ping_status":"closed","template":"page-full-width.php","meta":{"footnotes":""},"class_list":["post-21223","page","type-page","status-publish","hentry"],"_links":{"self":[{"href":"https:\/\/4dart.com\/fr\/wp-json\/wp\/v2\/pages\/21223","targetHints":{"allow":["GET"]}}],"collection":[{"href":"https:\/\/4dart.com\/fr\/wp-json\/wp\/v2\/pages"}],"about":[{"href":"https:\/\/4dart.com\/fr\/wp-json\/wp\/v2\/types\/page"}],"author":[{"embeddable":true,"href":"https:\/\/4dart.com\/fr\/wp-json\/wp\/v2\/users\/1"}],"replies":[{"embeddable":true,"href":"https:\/\/4dart.com\/fr\/wp-json\/wp\/v2\/comments?post=21223"}],"version-history":[{"count":15,"href":"https:\/\/4dart.com\/fr\/wp-json\/wp\/v2\/pages\/21223\/revisions"}],"predecessor-version":[{"id":21995,"href":"https:\/\/4dart.com\/fr\/wp-json\/wp\/v2\/pages\/21223\/revisions\/21995"}],"wp:attachment":[{"href":"https:\/\/4dart.com\/fr\/wp-json\/wp\/v2\/media?parent=21223"}],"curies":[{"name":"wp","href":"https:\/\/api.w.org\/{rel}","templated":true}]}}