{"id":1794,"date":"2023-05-31T08:25:37","date_gmt":"2023-05-31T08:25:37","guid":{"rendered":"https:\/\/kahlo.qodeinteractive.com\/?page_id=1794"},"modified":"2025-04-10T15:20:05","modified_gmt":"2025-04-10T15:20:05","slug":"about-us","status":"publish","type":"page","link":"https:\/\/4dart.com\/fr\/about-us\/","title":{"rendered":"Notre histoire"},"content":{"rendered":"\t\t<div data-elementor-type=\"wp-page\" data-elementor-id=\"1794\" class=\"elementor elementor-1794\" data-elementor-post-type=\"page\">\n\t\t\t\t<div class=\"elementor-element elementor-element-abcd58e e-con-full e-flex e-con e-parent\" data-id=\"abcd58e\" data-element_type=\"container\" data-e-type=\"container\">\n\t\t\t\t<div class=\"elementor-element elementor-element-423e9a3 elementor-widget__width-initial elementor-widget-tablet__width-inherit elementor-widget elementor-widget-kahlo_core_section_title\" data-id=\"423e9a3\" data-element_type=\"widget\" data-e-type=\"widget\" data-widget_type=\"kahlo_core_section_title.default\">\n\t\t\t\t<div class=\"elementor-widget-container\">\n\t\t\t\t\t<div class=\"qodef-shortcode qodef-m qodef-section-title qodef-alignment--center\">\n\t\t<h1 class=\"qodef-m-title\" >\n\t\t\t\t\tNotre histoire\t\t\t<\/h1>\n\t    \n<\/div>\n\t\t\t\t<\/div>\n\t\t\t\t<\/div>\n\t\t\t\t<\/div>\n\t\t<div class=\"elementor-element elementor-element-2eb816a e-con-full e-flex e-con e-parent\" data-id=\"2eb816a\" data-element_type=\"container\" data-e-type=\"container\">\n\t\t<div class=\"elementor-element elementor-element-4223bad e-con-full e-flex e-con e-child\" data-id=\"4223bad\" data-element_type=\"container\" data-e-type=\"container\">\n\t\t\t\t<div class=\"elementor-element elementor-element-4451ccf elementor-widget elementor-widget-video\" data-id=\"4451ccf\" data-element_type=\"widget\" data-e-type=\"widget\" data-settings=\"{&quot;video_type&quot;:&quot;vimeo&quot;,&quot;autoplay&quot;:&quot;yes&quot;,&quot;play_on_mobile&quot;:&quot;yes&quot;,&quot;mute&quot;:&quot;yes&quot;,&quot;loop&quot;:&quot;yes&quot;}\" data-widget_type=\"video.default\">\n\t\t\t\t<div class=\"elementor-widget-container\">\n\t\t\t\t\t\t\t<div class=\"elementor-wrapper elementor-open-inline\">\n\t\t\t<iframe class=\"elementor-video-iframe\" allowfullscreen allow=\"autoplay\" title=\"Lecteur vid\u00e9o vimeo\" src=\"https:\/\/player.vimeo.com\/video\/1060588750?autoplay=1&amp;playsinline=1&amp;color&amp;autopause=0&amp;loop=1&amp;muted=1&amp;title=1&amp;portrait=1&amp;byline=1&amp;h=0ad595a2fc#t=\"><\/iframe>\t\t<\/div>\n\t\t\t\t\t\t<\/div>\n\t\t\t\t<\/div>\n\t\t\t\t<\/div>\n\t\t<div class=\"elementor-element elementor-element-c858df3 e-con-full e-flex e-con e-child\" data-id=\"c858df3\" data-element_type=\"container\" data-e-type=\"container\">\n\t\t\t\t<div class=\"elementor-element elementor-element-aacaf9d elementor-widget elementor-widget-text-editor\" data-id=\"aacaf9d\" data-element_type=\"widget\" data-e-type=\"widget\" data-widget_type=\"text-editor.default\">\n\t\t\t\t<div class=\"elementor-widget-container\">\n\t\t\t\t\t\t\t\t\t<h4>Compagnie d&#8217;art vivant et num\u00e9rique innovante depuis 1983<\/h4><div><p>Selon Albert Einstein, le temps est la quatri\u00e8me dimension. \u00c0 notre \u00e9poque de rapidit\u00e9 num\u00e9rique, nous ne glissons souvent qu\u2019\u00e0 la superficie des choses. La mission de 4D ART est d\u2019abord de s\u2019arr\u00eater un peu, pour prendre le temps d\u2019explorer les profondeurs de l\u2019\u00e2me humaine.<\/p><p>Fond\u00e9e par <a href=\"https:\/\/4dart.com\/fr\/equipe\/biographie\/michel-lemieux\/\">Michel Lemieux<\/a> \u00e0 Montr\u00e9al en 1983, la compagnie artistique multi et interdisciplinaire 4D ART compte d\u00e9j\u00e0 une cinquantaine de productions originales \u00e0 son r\u00e9pertoire. D\u2019abord reconnus mondialement, les spectacles solo de Michel Lemieux \u00e9tablissent l\u2019identit\u00e9 cr\u00e9ative de 4D ART.<\/p><p>Depuis l\u2019arriv\u00e9e de <a href=\"https:\/\/4dart.com\/fr\/equipe\/biographie\/victor-pilon\/\">Victor Pilon<\/a> en tant codirecteur artistique de la compagnie avec Michel Lemieux, leur travail unique fusionne le th\u00e9\u00e2tre, la performance, la danse, la musique, le cin\u00e9ma, les arts visuels aux arts num\u00e9riques. Le tandem a cr\u00e9\u00e9 des cr\u00e9ations envo\u00fbtantes qui magnifient le r\u00e9el par le virtuel, multipliant les arts vivants aux nouveaux m\u00e9dias.<\/p><p>Lemieux et Pilon multiplient \u00e9galement les collaborations pour d\u2019autres types de cr\u00e9ations : spectacles, installations et \u00e9v\u00e9nements sp\u00e9ciaux avec des partenaires tels que le Th\u00e9\u00e2tre du Nouveau Monde, le Plan\u00e9tarium de Montr\u00e9al, le Cirque du Soleil, la SAT, le Centre PHI, la Place des Arts, le FIFA, le Holland Festival, les Op\u00e9ra de Montr\u00e9al et de Qu\u00e9bec, le Festival international de jazz de Montr\u00e9al, les c\u00e9l\u00e9brations des 350e et 375e anniversaires de Montr\u00e9al. Le duo a cr\u00e9\u00e9 d\u00e8s 2016, pour Montr\u00e9al en histoires, le grand parcours de projections urbaines CIT\u00c9 M\u00c9MOIRE qui continue \u00e0 se d\u00e9ployer sur le territoire national.<\/p><p>Depuis 2019, les deux codirecteurs artistiques cr\u00e9ent principalement des \u0153uvres solo. Victor Pilon aborde la performance, tandis que Michel Lemieux travaille entre autres sur des installations num\u00e9riques et des exp\u00e9riences en r\u00e9alit\u00e9 virtuelle et augment\u00e9e.<\/p><p>Dans une mouvance transdisciplinaire sans cesse renouvel\u00e9e, 4D ART s\u2019inscrit totalement dans une pertinence artistique actuelle.<\/p><p>Les cr\u00e9ations avant-gardistes de Lemieux et Pilon ont \u00e9t\u00e9 applaudies partout dans le monde depuis plus de 40 ans, tant au niveau national qu\u2019international.<\/p><\/div>\t\t\t\t\t\t\t\t<\/div>\n\t\t\t\t<\/div>\n\t\t\t\t<\/div>\n\t\t\t\t<\/div>\n\t\t<div class=\"elementor-element elementor-element-31d1087 e-con-full e-flex e-con e-parent\" data-id=\"31d1087\" data-element_type=\"container\" data-e-type=\"container\">\n\t\t<div class=\"elementor-element elementor-element-e26e5a2 e-con-full e-flex e-con e-child\" data-id=\"e26e5a2\" data-element_type=\"container\" data-e-type=\"container\">\n\t\t\t\t<div class=\"elementor-element elementor-element-c1ffcab elementor-widget elementor-widget-spacer\" data-id=\"c1ffcab\" data-element_type=\"widget\" data-e-type=\"widget\" data-widget_type=\"spacer.default\">\n\t\t\t\t<div class=\"elementor-widget-container\">\n\t\t\t\t\t\t\t<div class=\"elementor-spacer\">\n\t\t\t<div class=\"elementor-spacer-inner\"><\/div>\n\t\t<\/div>\n\t\t\t\t\t\t<\/div>\n\t\t\t\t<\/div>\n\t\t\t\t<div class=\"elementor-element elementor-element-3c54d1b elementor-widget elementor-widget-kahlo_core_counter\" data-id=\"3c54d1b\" data-element_type=\"widget\" data-e-type=\"widget\" data-widget_type=\"kahlo_core_counter.default\">\n\t\t\t\t<div class=\"elementor-widget-container\">\n\t\t\t\t\t<div class=\"qodef-shortcode qodef-m qodef-counter qodef-layout--info-below\" data-end-digit=\"+50\" data-step-digit=\"21\">\n\t<div class=\"qodef-m-digit-wrapper\">\n\t\t<span class=\"qodef-m-digit qodef-counter-665\" style=\"font-size: 180px\"><\/span>\n\t<\/div>\n\t<div class=\"qodef-m-content\">\n\t\t\t<h5 class=\"qodef-m-title\" >\n\t\t\t\t\tCr\u00e9ations Originales\t\t\t<\/h5>\n\t\t\t<p class=\"qodef-m-text\" >Depuis sa cr\u00e9ation 4D Art ne cesse d&#039;innover et de cr\u00e9er.<\/p>\n\t<\/div>\n<\/div>\n\t\t\t\t<\/div>\n\t\t\t\t<\/div>\n\t\t\t\t<\/div>\n\t\t<div class=\"elementor-element elementor-element-c482d82 e-con-full e-flex e-con e-child\" data-id=\"c482d82\" data-element_type=\"container\" data-e-type=\"container\">\n\t\t\t\t<div class=\"elementor-element elementor-element-8724380 elementor-widget elementor-widget-spacer\" data-id=\"8724380\" data-element_type=\"widget\" data-e-type=\"widget\" data-widget_type=\"spacer.default\">\n\t\t\t\t<div class=\"elementor-widget-container\">\n\t\t\t\t\t\t\t<div class=\"elementor-spacer\">\n\t\t\t<div class=\"elementor-spacer-inner\"><\/div>\n\t\t<\/div>\n\t\t\t\t\t\t<\/div>\n\t\t\t\t<\/div>\n\t\t\t\t<div class=\"elementor-element elementor-element-771057e elementor-widget elementor-widget-kahlo_core_counter\" data-id=\"771057e\" data-element_type=\"widget\" data-e-type=\"widget\" data-widget_type=\"kahlo_core_counter.default\">\n\t\t\t\t<div class=\"elementor-widget-container\">\n\t\t\t\t\t<div class=\"qodef-shortcode qodef-m qodef-counter qodef-layout--info-below\" data-start-digit=\"2\" data-end-digit=\"42\" data-step-digit=\"1\">\n\t<div class=\"qodef-m-digit-wrapper\">\n\t\t<span class=\"qodef-m-digit qodef-counter-420\" style=\"font-size: 180px\"><\/span>\n\t<\/div>\n\t<div class=\"qodef-m-content\">\n\t\t\t<h5 class=\"qodef-m-title\" >\n\t\t\t\t\tAnn\u00e9es d&#039;existence\t\t\t<\/h5>\n\t\t\t<p class=\"qodef-m-text\" >\u00c7a ne nous rajeunit pas mais malgr\u00e9 sa long\u00e9vit\u00e9 exceptionnelle, notre compagnie continue d&#039;aller de l&#039;avant<\/p>\n\t<\/div>\n<\/div>\n\t\t\t\t<\/div>\n\t\t\t\t<\/div>\n\t\t\t\t<\/div>\n\t\t\t\t<\/div>\n\t\t<div class=\"elementor-element elementor-element-bb51599 e-flex e-con-boxed e-con e-parent\" data-id=\"bb51599\" data-element_type=\"container\" data-e-type=\"container\">\n\t\t\t\t\t<div class=\"e-con-inner\">\n\t\t\t\t<div class=\"elementor-element elementor-element-3b52b08 elementor-widget elementor-widget-spacer\" data-id=\"3b52b08\" data-element_type=\"widget\" data-e-type=\"widget\" data-widget_type=\"spacer.default\">\n\t\t\t\t<div class=\"elementor-widget-container\">\n\t\t\t\t\t\t\t<div class=\"elementor-spacer\">\n\t\t\t<div class=\"elementor-spacer-inner\"><\/div>\n\t\t<\/div>\n\t\t\t\t\t\t<\/div>\n\t\t\t\t<\/div>\n\t\t\t\t\t<\/div>\n\t\t\t\t<\/div>\n\t\t<div class=\"elementor-element elementor-element-f63de8a e-grid e-con-boxed e-con e-parent\" data-id=\"f63de8a\" data-element_type=\"container\" data-e-type=\"container\">\n\t\t\t\t\t<div class=\"e-con-inner\">\n\t\t\t\t<div class=\"elementor-element elementor-element-ed56cad elementor-widget elementor-widget-button\" data-id=\"ed56cad\" data-element_type=\"widget\" data-e-type=\"widget\" data-widget_type=\"button.default\">\n\t\t\t\t<div class=\"elementor-widget-container\">\n\t\t\t\t\t\t\t\t\t<div class=\"elementor-button-wrapper\">\n\t\t\t\t\t<a class=\"elementor-button elementor-button-link elementor-size-sm elementor-animation-sink\" href=\"https:\/\/4dart.com\/notre-equipe\/\">\n\t\t\t\t\t\t<span class=\"elementor-button-content-wrapper\">\n\t\t\t\t\t\t<span class=\"elementor-button-icon\">\n\t\t\t\t<i aria-hidden=\"true\" class=\"fas fa-angle-double-left\"><\/i>\t\t\t<\/span>\n\t\t\t\t\t\t\t\t\t<span class=\"elementor-button-text\">Notre \u00e9quipe<\/span>\n\t\t\t\t\t<\/span>\n\t\t\t\t\t<\/a>\n\t\t\t\t<\/div>\n\t\t\t\t\t\t\t\t<\/div>\n\t\t\t\t<\/div>\n\t\t\t\t<div class=\"elementor-element elementor-element-5d820bb elementor-align-right elementor-widget elementor-widget-button\" data-id=\"5d820bb\" data-element_type=\"widget\" data-e-type=\"widget\" data-widget_type=\"button.default\">\n\t\t\t\t<div class=\"elementor-widget-container\">\n\t\t\t\t\t\t\t\t\t<div class=\"elementor-button-wrapper\">\n\t\t\t\t\t<a class=\"elementor-button elementor-button-link elementor-size-sm elementor-animation-sink\" href=\"https:\/\/4dart.com\/nos-partenaires\/\">\n\t\t\t\t\t\t<span class=\"elementor-button-content-wrapper\">\n\t\t\t\t\t\t<span class=\"elementor-button-icon\">\n\t\t\t\t<i aria-hidden=\"true\" class=\"fas fa-angle-double-right\"><\/i>\t\t\t<\/span>\n\t\t\t\t\t\t\t\t\t<span class=\"elementor-button-text\">Nos partenaires<\/span>\n\t\t\t\t\t<\/span>\n\t\t\t\t\t<\/a>\n\t\t\t\t<\/div>\n\t\t\t\t\t\t\t\t<\/div>\n\t\t\t\t<\/div>\n\t\t\t\t\t<\/div>\n\t\t\t\t<\/div>\n\t\t<div class=\"elementor-element elementor-element-90f77ed e-flex e-con-boxed e-con e-parent\" data-id=\"90f77ed\" data-element_type=\"container\" data-e-type=\"container\">\n\t\t\t\t\t<div class=\"e-con-inner\">\n\t\t\t\t<div class=\"elementor-element elementor-element-58b0f1f elementor-widget elementor-widget-spacer\" data-id=\"58b0f1f\" data-element_type=\"widget\" data-e-type=\"widget\" data-widget_type=\"spacer.default\">\n\t\t\t\t<div class=\"elementor-widget-container\">\n\t\t\t\t\t\t\t<div class=\"elementor-spacer\">\n\t\t\t<div class=\"elementor-spacer-inner\"><\/div>\n\t\t<\/div>\n\t\t\t\t\t\t<\/div>\n\t\t\t\t<\/div>\n\t\t\t\t\t<\/div>\n\t\t\t\t<\/div>\n\t\t<div class=\"elementor-element elementor-element-a08db80 e-con-full e-flex e-con e-parent\" data-id=\"a08db80\" data-element_type=\"container\" data-e-type=\"container\" data-settings=\"{&quot;background_background&quot;:&quot;classic&quot;}\">\n\t\t<div class=\"elementor-element elementor-element-3ed9c25 e-con-full e-flex e-con e-child\" data-id=\"3ed9c25\" data-element_type=\"container\" data-e-type=\"container\">\n\t\t\t\t<div class=\"elementor-element elementor-element-1862702 elementor-widget elementor-widget-image\" data-id=\"1862702\" data-element_type=\"widget\" data-e-type=\"widget\" data-widget_type=\"image.default\">\n\t\t\t\t<div class=\"elementor-widget-container\">\n\t\t\t\t\t\t\t\t\t\t\t\t\t\t\t\t<a href=\"https:\/\/brouillon-4dart-com.preview-domain.com\/\">\n\t\t\t\t\t\t\t<img decoding=\"async\" width=\"320\" height=\"100\" src=\"https:\/\/4dart.com\/wp-content\/uploads\/2025\/01\/Logo-4dart-rectangle-XN.jpg\" class=\"attachment-full size-full wp-image-20350\" alt=\"\" srcset=\"https:\/\/4dart.com\/wp-content\/uploads\/2025\/01\/Logo-4dart-rectangle-XN.jpg 320w, https:\/\/4dart.com\/wp-content\/uploads\/2025\/01\/Logo-4dart-rectangle-XN-300x94.jpg 300w\" sizes=\"(max-width: 320px) 100vw, 320px\" \/>\t\t\t\t\t\t\t\t<\/a>\n\t\t\t\t\t\t\t\t\t\t\t\t\t\t\t<\/div>\n\t\t\t\t<\/div>\n\t\t\t\t<\/div>\n\t\t<div class=\"elementor-element elementor-element-884fee5 e-con-full e-flex e-con e-child\" data-id=\"884fee5\" data-element_type=\"container\" data-e-type=\"container\">\n\t\t\t\t<div class=\"elementor-element elementor-element-5de086f elementor-widget elementor-widget-qi_addons_for_elementor_animated_text\" data-id=\"5de086f\" data-element_type=\"widget\" data-e-type=\"widget\" data-widget_type=\"qi_addons_for_elementor_animated_text.default\">\n\t\t\t\t<div class=\"elementor-widget-container\">\n\t\t\t\t\t<div class=\"qodef-shortcode qodef-m qodef-qi-animated-text qodef--animated-by-letter qodef--alignment-left qodef-qi--has-appear qodef--appear-from-bottom\" >\n\t\t<h3 class=\"qodef-m-title\">\n\t\t<span class=\"qodef-e-word-holder\">Art<\/span> <span class=\"qodef-e-word-holder\">num\u00e9rique<\/span> <span class=\"qodef-e-word-holder\">+<\/span> <span class=\"qodef-e-word-holder\">Humaniste<\/span>\t<\/h3>\n<\/div>\n\t\t\t\t<\/div>\n\t\t\t\t<\/div>\n\t\t\t\t<\/div>\n\t\t<div class=\"elementor-element elementor-element-a6920f0 e-con-full e-flex e-con e-child\" data-id=\"a6920f0\" data-element_type=\"container\" data-e-type=\"container\">\n\t\t\t\t<div class=\"elementor-element elementor-element-c2349b0 elementor-widget elementor-widget-text-editor\" data-id=\"c2349b0\" data-element_type=\"widget\" data-e-type=\"widget\" data-widget_type=\"text-editor.default\">\n\t\t\t\t<div class=\"elementor-widget-container\">\n\t\t\t\t\t\t\t\t\t<p>\u00a0<\/p><p class=\"qodef-custom-footer-link-holder\"><a class=\"qodef-custom-footer-link-underline\" href=\"mailto:contact@4dart.com\" target=\"_blank\" rel=\"noopener\">contact@4dart.com<\/a><\/p>\t\t\t\t\t\t\t\t<\/div>\n\t\t\t\t<\/div>\n\t\t\t\t<\/div>\n\t\t\t\t<\/div>\n\t\t\t\t<\/div>\n\t\t","protected":false},"excerpt":{"rendered":"<p>Notre histoire https:\/\/vimeo.com\/1060588750\/0ad595a2fc?share=copy Compagnie d&#8217;art vivant et num\u00e9rique innovante depuis 1983 Selon Albert Einstein, le temps est la quatri\u00e8me dimension. \u00c0 notre \u00e9poque de rapidit\u00e9 num\u00e9rique, nous ne glissons souvent qu\u2019\u00e0 la superficie des choses. La mission de 4D ART est d\u2019abord de s\u2019arr\u00eater un peu, pour prendre le temps d\u2019explorer les profondeurs de l\u2019\u00e2me [&hellip;]<\/p>\n","protected":false},"author":1,"featured_media":0,"parent":0,"menu_order":0,"comment_status":"closed","ping_status":"closed","template":"page-full-width.php","meta":{"footnotes":""},"class_list":["post-1794","page","type-page","status-publish","hentry"],"_links":{"self":[{"href":"https:\/\/4dart.com\/fr\/wp-json\/wp\/v2\/pages\/1794","targetHints":{"allow":["GET"]}}],"collection":[{"href":"https:\/\/4dart.com\/fr\/wp-json\/wp\/v2\/pages"}],"about":[{"href":"https:\/\/4dart.com\/fr\/wp-json\/wp\/v2\/types\/page"}],"author":[{"embeddable":true,"href":"https:\/\/4dart.com\/fr\/wp-json\/wp\/v2\/users\/1"}],"replies":[{"embeddable":true,"href":"https:\/\/4dart.com\/fr\/wp-json\/wp\/v2\/comments?post=1794"}],"version-history":[{"count":0,"href":"https:\/\/4dart.com\/fr\/wp-json\/wp\/v2\/pages\/1794\/revisions"}],"wp:attachment":[{"href":"https:\/\/4dart.com\/fr\/wp-json\/wp\/v2\/media?parent=1794"}],"curies":[{"name":"wp","href":"https:\/\/api.w.org\/{rel}","templated":true}]}}