{"id":21224,"date":"2025-02-20T16:09:47","date_gmt":"2025-02-20T16:09:47","guid":{"rendered":"https:\/\/4dart.com\/?page_id=21224"},"modified":"2025-07-08T15:07:41","modified_gmt":"2025-07-08T15:07:41","slug":"fiche-bio-victor-pilon","status":"publish","type":"page","link":"https:\/\/4dart.com\/en\/fiche-bio-victor-pilon\/","title":{"rendered":"Fiche BIO &#8211; Victor Pilon"},"content":{"rendered":"<div data-elementor-type=\"wp-page\" data-elementor-id=\"21224\" class=\"elementor elementor-21224\" data-elementor-post-type=\"page\">\n\t\t\t\t<div class=\"elementor-element elementor-element-f812a89 e-con-full e-flex e-con e-parent\" data-id=\"f812a89\" data-element_type=\"container\" data-e-type=\"container\">\n\t\t\t\t<div class=\"elementor-element elementor-element-d03c307 elementor-widget elementor-widget-text-editor\" data-id=\"d03c307\" data-element_type=\"widget\" data-e-type=\"widget\" data-widget_type=\"text-editor.default\">\n\t\t\t\t<div class=\"elementor-widget-container\">\n\t\t\t\t\t\t\t\t\t<p>An explorer of the depths of the human soul<\/p>\t\t\t\t\t\t\t\t<\/div>\n\t\t\t\t<\/div>\n\t\t\t\t<\/div>\n\t\t<div class=\"elementor-element elementor-element-835f9c6 e-con-full e-flex e-con e-parent\" data-id=\"835f9c6\" data-element_type=\"container\" data-e-type=\"container\">\n\t\t\t\t<div class=\"elementor-element elementor-element-cf59b5a elementor-widget__width-initial elementor-invisible elementor-widget elementor-widget-kahlo_core_section_title\" data-id=\"cf59b5a\" data-element_type=\"widget\" data-e-type=\"widget\" data-settings=\"{&quot;_animation&quot;:&quot;fadeIn&quot;}\" data-widget_type=\"kahlo_core_section_title.default\">\n\t\t\t\t<div class=\"elementor-widget-container\">\n\t\t\t\t\t<div class=\"qodef-shortcode qodef-m qodef-section-title qodef-alignment--center\">\n\t\t<h1 class=\"qodef-m-title\" >\n\t\t\t\t\tVictor Pilon\t\t\t<\/h1>\n\t    \n<\/div>\n\t\t\t\t<\/div>\n\t\t\t\t<\/div>\n\t\t\t\t<\/div>\n\t\t<div class=\"elementor-element elementor-element-3203947 e-con-full e-flex e-con e-parent\" data-id=\"3203947\" data-element_type=\"container\" data-e-type=\"container\">\n\t\t\t\t<div class=\"elementor-element elementor-element-19822f7 e-transform elementor-widget elementor-widget-spacer\" data-id=\"19822f7\" data-element_type=\"widget\" data-e-type=\"widget\" data-settings=\"{&quot;_transform_scale_effect_mobile&quot;:{&quot;unit&quot;:&quot;px&quot;,&quot;size&quot;:0,&quot;sizes&quot;:[]},&quot;_transform_scale_effect&quot;:{&quot;unit&quot;:&quot;px&quot;,&quot;size&quot;:&quot;&quot;,&quot;sizes&quot;:[]},&quot;_transform_scale_effect_tablet&quot;:{&quot;unit&quot;:&quot;px&quot;,&quot;size&quot;:&quot;&quot;,&quot;sizes&quot;:[]}}\" data-widget_type=\"spacer.default\">\n\t\t\t\t<div class=\"elementor-widget-container\">\n\t\t\t\t\t\t\t<div class=\"elementor-spacer\">\n\t\t\t<div class=\"elementor-spacer-inner\"><\/div>\n\t\t<\/div>\n\t\t\t\t\t\t<\/div>\n\t\t\t\t<\/div>\n\t\t\t\t<div class=\"elementor-element elementor-element-e14864a elementor-invisible elementor-widget elementor-widget-kahlo_core_single_image\" data-id=\"e14864a\" data-element_type=\"widget\" data-e-type=\"widget\" data-settings=\"{&quot;_animation&quot;:&quot;fadeIn&quot;}\" data-widget_type=\"kahlo_core_single_image.default\">\n\t\t\t\t<div class=\"elementor-widget-container\">\n\t\t\t\t\t<div class=\"qodef-shortcode qodef-m qodef-single-image qodef-layout--default qodef-parallax-item\">\n\t\t\t<div class=\"qodef-m-image\">\n\t\t\t\t\t\t\t\t<img fetchpriority=\"high\" decoding=\"async\" width=\"998\" height=\"650\" src=\"https:\/\/4dart.com\/wp-content\/uploads\/2025\/02\/solo_Victor-P-e1740068316515-998x650.jpg\" class=\"attachment-kahlo_core_image_size_landscape size-kahlo_core_image_size_landscape\" alt=\"\" \/>\t\t\t\t\t\t\t<\/div>\n\t<\/div>\n\t\t\t\t<\/div>\n\t\t\t\t<\/div>\n\t\t\t\t<\/div>\n\t\t<div class=\"elementor-element elementor-element-64e27de e-con-full e-flex e-con e-parent\" data-id=\"64e27de\" data-element_type=\"container\" data-e-type=\"container\">\n\t\t\t\t<div class=\"elementor-element elementor-element-be4a964 elementor-invisible elementor-widget elementor-widget-kahlo_core_custom_font\" data-id=\"be4a964\" data-element_type=\"widget\" data-e-type=\"widget\" data-settings=\"{&quot;_animation&quot;:&quot;fadeIn&quot;}\" data-widget_type=\"kahlo_core_custom_font.default\">\n\t\t\t\t<div class=\"elementor-widget-container\">\n\t\t\t\t\t<p class=\"qodef-shortcode qodef-m qodef-custom-font qodef-custom-font-322 qodef-layout--simple\" style=\"font-family: Space Grotesk;font-size: 40px;line-height: 40px;letter-spacing: -0.05em;font-weight: 500\">Co-artistic director (O.C., R.V.M., C.Q., C.A.L.Q.)<\/p>\n\t\t\t\t<\/div>\n\t\t\t\t<\/div>\n\t\t\t\t<div class=\"elementor-element elementor-element-7148d86 elementor-widget elementor-widget-spacer\" data-id=\"7148d86\" data-element_type=\"widget\" data-e-type=\"widget\" data-widget_type=\"spacer.default\">\n\t\t\t\t<div class=\"elementor-widget-container\">\n\t\t\t\t\t\t\t<div class=\"elementor-spacer\">\n\t\t\t<div class=\"elementor-spacer-inner\"><\/div>\n\t\t<\/div>\n\t\t\t\t\t\t<\/div>\n\t\t\t\t<\/div>\n\t\t\t\t<\/div>\n\t\t<div class=\"elementor-element elementor-element-2b527b9 e-con-full e-flex e-con e-parent\" data-id=\"2b527b9\" data-element_type=\"container\" data-e-type=\"container\">\n\t\t\t\t<div class=\"elementor-element elementor-element-375564c elementor-invisible elementor-widget elementor-widget-text-editor\" data-id=\"375564c\" data-element_type=\"widget\" data-e-type=\"widget\" data-settings=\"{&quot;_animation&quot;:&quot;fadeIn&quot;}\" data-widget_type=\"text-editor.default\">\n\t\t\t\t<div class=\"elementor-widget-container\">\n\t\t\t\t\t\t\t\t\t<div class=\"equipe-1col\"><p>Director, set designer, visual designer, and photographer, Victor Pilon belongs to the first generation of artists often referred to as multidisciplinary creators.\n\nIn the early 1980s, after spending two years in Europe, he earned a bachelor's degree in visual arts with a specialization in photography. As an official photographer, he documented over thirty royal visits to Canada, as well as visits from other heads of state on behalf of the Quebec and Canadian governments.\n\nAs a visual artist, Victor Pilon has exhibited his work in various galleries across Canada. His creations are part of the Canada Council Art Bank and the Public Archives of Canada collections. A monograph dedicated to his artistic work was published in 1988.<\/p><p class=\"translation-block\">Based in Montreal, he met at the turn of the 1990s the person who would become his greatest collaborator: <a href=\"https:\/\/4dart.com\/en\/equipe\/biographie\/michel-lemieux\/\" target=\"_self\">Michel Lemieux<\/a>. From Lemieux Pilon 4D Art emerged unique productions where meaning and emotion are elevated through the use of new technologies. The duo boldly masters the integration of theatre, cinema, dance, poetry, visual arts, and music to create original stage universes.\n\nThis led to the creation of works such as Territoires Oniriques, an installation piece for the company\u2019s 30th anniversary at the Montreal Museum of Fine Arts, Icare, La Belle et la B\u00eate, and Shakespeare\u2019s The Tempest at Th\u00e9\u00e2tre du Nouveau Monde, as well as <a href=\"https:\/\/4dart.com\/en\/creation\/2007\/norman\/\" target=\"_self\">NORMAN, a tribute performance to Canadian filmmaker Norman McLaren<\/a>.\n\nIn partnership with the Op\u00e9ras de Qu\u00e9bec and Montr\u00e9al, the duo created Starmania Op\u00e9ra. The show TORUK \u2013 The First Flight marked Lemieux and Pilon\u2019s fourth collaboration with Cirque du Soleil, following DELIRIUM, Soleil de Minuit\u2014a commemorative show celebrating both the 20th anniversary of Cirque du Soleil and the 25th season of the Montreal International Jazz Festival\u2014as well as an act for the resident show Michael Jackson ONE.\n\nThey also created <a href=\"https:\/\/4dart.com\/en\/creation\/2013\/continuum\/\" target=\"_self\">Continuum<\/a>, set to music from the Philip Glass catalog, <a href=\"https:\/\/4dart.com\/en\/creation\/2013\/continuum\/\" target=\"_self\">the first multimedia show at Montreal\u2019s new Rio Tinto Alcan Planetarium<\/a>.\n\nThey also collaborate regularly on exhibitions and special events. With more than thirty productions to their name, the work of Lemieux and Pilon has been acclaimed in Canada, the United States, Europe, Latin America, Australia, and Asia.<\/p><p class=\"translation-block\">Since 2016, <a href=\"https:\/\/4dart.com\/en\/creation\/2016\/cite-memoire\/\" target=\"_self\">Cit\u00e9 M\u00e9moire, the world\u2019s largest urban video trail<\/a>, created in collaboration with Michel Marc Bouchard, comes to life every evening on the walls of Old Montreal. His most recent creation, <a href=\"https:\/\/4dart.com\/en\/creation\/2021\/victor-pilon-mythe-sisyphe-performance\/\" target=\"_blank\" rel=\"noopener\">Sisyphe<\/a>, is the culmination of his artistic approach, as he performs himself in a physical contemporary art performance that is both introspective and contemplative.\n\nAn <a href=\"https:\/\/4dart.com\/en\/creation\/2024\/sisyphe-film-art-victor-pilon\/\" target=\"_blank\" rel=\"noopener\">art film<\/a> created by the artist from footage of his 2021 Montreal performance is currently being showcased at film festivals.<\/p><p class=\"translation-block\">In March 2024, Sisyphe \u2013 The Film was presented as the closing screening of the International Festival of Films on Art (FIFA) in Montreal, marking the beginning of a remarkable journey for this singular work. In June, the original performance crossed the Atlantic to be featured at the Holland Festival in Amsterdam, one of Europe\u2019s most important arts events. Back in Montreal in January 2025, the film was showcased in a special screening at the Cin\u00e9math\u00e8que Qu\u00e9b\u00e9coise, highlighting the local roots of this deeply introspective creation. In fall 2025, Sisyphe \u2013 The Film will join the ARTS.FILM platform, curated by FIFA, extending its reach to a wider audience interested in art and thoughtful reflection.<\/p><\/div>\t\t\t\t\t\t\t\t<\/div>\n\t\t\t\t<\/div>\n\t\t\t\t<\/div>\n\t\t<div class=\"elementor-element elementor-element-f25eca1 e-con-full e-flex e-con e-parent\" data-id=\"f25eca1\" data-element_type=\"container\" data-e-type=\"container\">\n\t\t<div class=\"elementor-element elementor-element-d82a5c0 e-con-full e-flex e-con e-child\" data-id=\"d82a5c0\" data-element_type=\"container\" data-e-type=\"container\">\n\t\t\t\t<div class=\"elementor-element elementor-element-d45b667 elementor-widget elementor-widget-spacer\" data-id=\"d45b667\" data-element_type=\"widget\" data-e-type=\"widget\" data-widget_type=\"spacer.default\">\n\t\t\t\t<div class=\"elementor-widget-container\">\n\t\t\t\t\t\t\t<div class=\"elementor-spacer\">\n\t\t\t<div class=\"elementor-spacer-inner\"><\/div>\n\t\t<\/div>\n\t\t\t\t\t\t<\/div>\n\t\t\t\t<\/div>\n\t\t\t\t<\/div>\n\t\t<div class=\"elementor-element elementor-element-fe995a8 e-con-full e-flex e-con e-child\" data-id=\"fe995a8\" data-element_type=\"container\" data-e-type=\"container\" data-settings=\"{&quot;background_background&quot;:&quot;classic&quot;}\">\n\t\t<div class=\"elementor-element elementor-element-f0880fb e-con-full e-flex e-con e-child\" data-id=\"f0880fb\" data-element_type=\"container\" data-e-type=\"container\">\n\t\t\t\t<div class=\"elementor-element elementor-element-a8e9b19 elementor-widget elementor-widget-image\" data-id=\"a8e9b19\" data-element_type=\"widget\" data-e-type=\"widget\" data-widget_type=\"image.default\">\n\t\t\t\t<div class=\"elementor-widget-container\">\n\t\t\t\t\t\t\t\t\t\t\t\t\t\t\t\t<a href=\"https:\/\/brouillon-4dart-com.preview-domain.com\/\">\n\t\t\t\t\t\t\t<img decoding=\"async\" width=\"320\" height=\"100\" src=\"https:\/\/4dart.com\/wp-content\/uploads\/2025\/01\/Logo-4dart-rectangle-XN.jpg\" class=\"attachment-full size-full wp-image-20350\" alt=\"\" srcset=\"https:\/\/4dart.com\/wp-content\/uploads\/2025\/01\/Logo-4dart-rectangle-XN.jpg 320w, https:\/\/4dart.com\/wp-content\/uploads\/2025\/01\/Logo-4dart-rectangle-XN-300x94.jpg 300w\" sizes=\"(max-width: 320px) 100vw, 320px\" \/>\t\t\t\t\t\t\t\t<\/a>\n\t\t\t\t\t\t\t\t\t\t\t\t\t\t\t<\/div>\n\t\t\t\t<\/div>\n\t\t\t\t<\/div>\n\t\t<div class=\"elementor-element elementor-element-98edbd9 e-con-full e-flex e-con e-child\" data-id=\"98edbd9\" data-element_type=\"container\" data-e-type=\"container\">\n\t\t\t\t<div class=\"elementor-element elementor-element-d3aba62 elementor-widget elementor-widget-qi_addons_for_elementor_animated_text\" data-id=\"d3aba62\" data-element_type=\"widget\" data-e-type=\"widget\" data-widget_type=\"qi_addons_for_elementor_animated_text.default\">\n\t\t\t\t<div class=\"elementor-widget-container\">\n\t\t\t\t\t<div class=\"qodef-shortcode qodef-m qodef-qi-animated-text qodef--animated-by-letter qodef--alignment-left qodef-qi--has-appear qodef--appear-from-bottom\" >\n\t\t<h3 class=\"qodef-m-title\">\n\t\t<span class=\"qodef-e-word-holder\">Art<\/span> <span class=\"qodef-e-word-holder\">num\u00e9rique<\/span> <span class=\"qodef-e-word-holder\">+<\/span> <span class=\"qodef-e-word-holder\">Humaniste<\/span>\t<\/h3>\n<\/div>\n\t\t\t\t<\/div>\n\t\t\t\t<\/div>\n\t\t\t\t<\/div>\n\t\t<div class=\"elementor-element elementor-element-2896089 e-con-full e-flex e-con e-child\" data-id=\"2896089\" data-element_type=\"container\" data-e-type=\"container\">\n\t\t\t\t<div class=\"elementor-element elementor-element-5b86e7f elementor-widget elementor-widget-text-editor\" data-id=\"5b86e7f\" data-element_type=\"widget\" data-e-type=\"widget\" data-widget_type=\"text-editor.default\">\n\t\t\t\t<div class=\"elementor-widget-container\">\n\t\t\t\t\t\t\t\t\t<p>\u00a0<\/p><p class=\"qodef-custom-footer-link-holder\"><a class=\"qodef-custom-footer-link-underline\" href=\"mailto:contact@4dart.com\" target=\"_blank\" rel=\"noopener\">contact@4dart.com<\/a><\/p>\t\t\t\t\t\t\t\t<\/div>\n\t\t\t\t<\/div>\n\t\t\t\t<\/div>\n\t\t\t\t<\/div>\n\t\t\t\t<\/div>\n\t\t\t\t<\/div>","protected":false},"excerpt":{"rendered":"<p>Un explorateur des profondeurs de l&#8217;\u00e2me humaine Victor Pilon Co-directeur artistique (O.C., R.V.M., C.Q., C.A.L.Q.) Metteur en sc\u00e8ne, sc\u00e9nographe, concepteur visuel et photographe, Victor Pilon fait partie de cette premi\u00e8re g\u00e9n\u00e9ration d\u2019artistes qu\u2019on a qualifi\u00e9e de cr\u00e9ateurs multidisciplinaires. Au d\u00e9but des ann\u00e9es 1980, apr\u00e8s un s\u00e9jour de deux ans en Europe, il obtient un baccalaur\u00e9at [&hellip;]<\/p>\n","protected":false},"author":1,"featured_media":0,"parent":0,"menu_order":0,"comment_status":"closed","ping_status":"closed","template":"page-full-width.php","meta":{"footnotes":""},"class_list":["post-21224","page","type-page","status-publish","hentry"],"_links":{"self":[{"href":"https:\/\/4dart.com\/en\/wp-json\/wp\/v2\/pages\/21224","targetHints":{"allow":["GET"]}}],"collection":[{"href":"https:\/\/4dart.com\/en\/wp-json\/wp\/v2\/pages"}],"about":[{"href":"https:\/\/4dart.com\/en\/wp-json\/wp\/v2\/types\/page"}],"author":[{"embeddable":true,"href":"https:\/\/4dart.com\/en\/wp-json\/wp\/v2\/users\/1"}],"replies":[{"embeddable":true,"href":"https:\/\/4dart.com\/en\/wp-json\/wp\/v2\/comments?post=21224"}],"version-history":[{"count":3,"href":"https:\/\/4dart.com\/en\/wp-json\/wp\/v2\/pages\/21224\/revisions"}],"predecessor-version":[{"id":21980,"href":"https:\/\/4dart.com\/en\/wp-json\/wp\/v2\/pages\/21224\/revisions\/21980"}],"wp:attachment":[{"href":"https:\/\/4dart.com\/en\/wp-json\/wp\/v2\/media?parent=21224"}],"curies":[{"name":"wp","href":"https:\/\/api.w.org\/{rel}","templated":true}]}}