{"id":21223,"date":"2025-02-20T15:49:27","date_gmt":"2025-02-20T15:49:27","guid":{"rendered":"https:\/\/4dart.com\/?page_id=21223"},"modified":"2025-07-15T14:54:39","modified_gmt":"2025-07-15T14:54:39","slug":"fiche-bio-michel-lemieux","status":"publish","type":"page","link":"https:\/\/4dart.com\/en\/fiche-bio-michel-lemieux\/","title":{"rendered":"Fiche BIO &#8211; Michel Lemieux"},"content":{"rendered":"<div data-elementor-type=\"wp-page\" data-elementor-id=\"21223\" class=\"elementor elementor-21223\" data-elementor-post-type=\"page\">\n\t\t\t\t<div class=\"elementor-element elementor-element-f812a89 e-con-full e-flex e-con e-parent\" data-id=\"f812a89\" data-element_type=\"container\" data-e-type=\"container\">\n\t\t\t\t<div class=\"elementor-element elementor-element-d03c307 elementor-widget elementor-widget-text-editor\" data-id=\"d03c307\" data-element_type=\"widget\" data-e-type=\"widget\" data-widget_type=\"text-editor.default\">\n\t\t\t\t<div class=\"elementor-widget-container\">\n\t\t\t\t\t\t\t\t\t<p>A tireless heart and a rechargeable imagination<\/p>\t\t\t\t\t\t\t\t<\/div>\n\t\t\t\t<\/div>\n\t\t\t\t<\/div>\n\t\t<div class=\"elementor-element elementor-element-835f9c6 e-con-full e-flex e-con e-parent\" data-id=\"835f9c6\" data-element_type=\"container\" data-e-type=\"container\">\n\t\t\t\t<div class=\"elementor-element elementor-element-cf59b5a elementor-widget__width-initial elementor-invisible elementor-widget elementor-widget-kahlo_core_section_title\" data-id=\"cf59b5a\" data-element_type=\"widget\" data-e-type=\"widget\" data-settings=\"{&quot;_animation&quot;:&quot;fadeIn&quot;}\" data-widget_type=\"kahlo_core_section_title.default\">\n\t\t\t\t<div class=\"elementor-widget-container\">\n\t\t\t\t\t<div class=\"qodef-shortcode qodef-m qodef-section-title qodef-alignment--center\">\n\t\t<h1 class=\"qodef-m-title\" >\n\t\t\t\t\tMichel Lemieux\t\t\t<\/h1>\n\t    \n<\/div>\n\t\t\t\t<\/div>\n\t\t\t\t<\/div>\n\t\t\t\t<\/div>\n\t\t<div class=\"elementor-element elementor-element-3203947 e-con-full e-flex e-con e-parent\" data-id=\"3203947\" data-element_type=\"container\" data-e-type=\"container\">\n\t\t\t\t<div class=\"elementor-element elementor-element-19822f7 e-transform elementor-widget elementor-widget-spacer\" data-id=\"19822f7\" data-element_type=\"widget\" data-e-type=\"widget\" data-settings=\"{&quot;_transform_scale_effect_mobile&quot;:{&quot;unit&quot;:&quot;px&quot;,&quot;size&quot;:0,&quot;sizes&quot;:[]},&quot;_transform_scale_effect&quot;:{&quot;unit&quot;:&quot;px&quot;,&quot;size&quot;:&quot;&quot;,&quot;sizes&quot;:[]},&quot;_transform_scale_effect_tablet&quot;:{&quot;unit&quot;:&quot;px&quot;,&quot;size&quot;:&quot;&quot;,&quot;sizes&quot;:[]}}\" data-widget_type=\"spacer.default\">\n\t\t\t\t<div class=\"elementor-widget-container\">\n\t\t\t\t\t\t\t<div class=\"elementor-spacer\">\n\t\t\t<div class=\"elementor-spacer-inner\"><\/div>\n\t\t<\/div>\n\t\t\t\t\t\t<\/div>\n\t\t\t\t<\/div>\n\t\t\t\t<div class=\"elementor-element elementor-element-e14864a elementor-invisible elementor-widget elementor-widget-kahlo_core_single_image\" data-id=\"e14864a\" data-element_type=\"widget\" data-e-type=\"widget\" data-settings=\"{&quot;_animation&quot;:&quot;fadeIn&quot;}\" data-widget_type=\"kahlo_core_single_image.default\">\n\t\t\t\t<div class=\"elementor-widget-container\">\n\t\t\t\t\t<div class=\"qodef-shortcode qodef-m qodef-single-image qodef-layout--default qodef-parallax-item\">\n\t\t\t<div class=\"qodef-m-image\">\n\t\t\t\t\t\t\t\t<img fetchpriority=\"high\" decoding=\"async\" width=\"1200\" height=\"800\" src=\"https:\/\/4dart.com\/wp-content\/uploads\/2025\/02\/0N8A5960.jpeg\" class=\"attachment-kahlo_core_image_size_huge-square size-kahlo_core_image_size_huge-square\" alt=\"\" srcset=\"https:\/\/4dart.com\/wp-content\/uploads\/2025\/02\/0N8A5960.jpeg 1200w, https:\/\/4dart.com\/wp-content\/uploads\/2025\/02\/0N8A5960-300x200.jpeg 300w, https:\/\/4dart.com\/wp-content\/uploads\/2025\/02\/0N8A5960-1024x683.jpeg 1024w, https:\/\/4dart.com\/wp-content\/uploads\/2025\/02\/0N8A5960-768x512.jpeg 768w, https:\/\/4dart.com\/wp-content\/uploads\/2025\/02\/0N8A5960-600x400.jpeg 600w, https:\/\/4dart.com\/wp-content\/uploads\/2025\/02\/0N8A5960-760x507.jpeg 760w, https:\/\/4dart.com\/wp-content\/uploads\/2025\/02\/0N8A5960-370x247.jpeg 370w\" sizes=\"(max-width: 1200px) 100vw, 1200px\" \/>\t\t\t\t\t\t\t<\/div>\n\t<\/div>\n\t\t\t\t<\/div>\n\t\t\t\t<\/div>\n\t\t\t\t<\/div>\n\t\t<div class=\"elementor-element elementor-element-64e27de e-con-full e-flex e-con e-parent\" data-id=\"64e27de\" data-element_type=\"container\" data-e-type=\"container\">\n\t\t\t\t<div class=\"elementor-element elementor-element-be4a964 elementor-invisible elementor-widget elementor-widget-kahlo_core_custom_font\" data-id=\"be4a964\" data-element_type=\"widget\" data-e-type=\"widget\" data-settings=\"{&quot;_animation&quot;:&quot;fadeIn&quot;}\" data-widget_type=\"kahlo_core_custom_font.default\">\n\t\t\t\t<div class=\"elementor-widget-container\">\n\t\t\t\t\t<p class=\"qodef-shortcode qodef-m qodef-custom-font qodef-custom-font-592 qodef-layout--simple\" style=\"font-family: Space Grotesk;font-size: 40px;line-height: 40px;letter-spacing: -0.05em;font-weight: 500\">Artistic Co-Director and Executive Director of Strategy\n(O.C., C.Q., C.A.L.Q.)<\/p>\n\t\t\t\t<\/div>\n\t\t\t\t<\/div>\n\t\t\t\t<div class=\"elementor-element elementor-element-7148d86 elementor-widget elementor-widget-spacer\" data-id=\"7148d86\" data-element_type=\"widget\" data-e-type=\"widget\" data-widget_type=\"spacer.default\">\n\t\t\t\t<div class=\"elementor-widget-container\">\n\t\t\t\t\t\t\t<div class=\"elementor-spacer\">\n\t\t\t<div class=\"elementor-spacer-inner\"><\/div>\n\t\t<\/div>\n\t\t\t\t\t\t<\/div>\n\t\t\t\t<\/div>\n\t\t\t\t<\/div>\n\t\t<div class=\"elementor-element elementor-element-2b527b9 e-con-full e-flex e-con e-parent\" data-id=\"2b527b9\" data-element_type=\"container\" data-e-type=\"container\">\n\t\t\t\t<div class=\"elementor-element elementor-element-375564c elementor-invisible elementor-widget elementor-widget-text-editor\" data-id=\"375564c\" data-element_type=\"widget\" data-e-type=\"widget\" data-settings=\"{&quot;_animation&quot;:&quot;fadeIn&quot;}\" data-widget_type=\"text-editor.default\">\n\t\t\t\t<div class=\"elementor-widget-container\">\n\t\t\t\t\t\t\t\t\t<div class=\"equipe-1col\"><p class=\"translation-block\">A multidisciplinary artist and a graduate in production from the National Theatre School of Canada in 1979, Michel Lemieux continues to astonish with the breadth of his creative range. In 1980, he took part in a group exhibition entitled <em>TRACES\/TRACKS<\/em> presented at the Mus\u00e9e d\u2019art contemporain de Montr\u00e9al. It was during this time that he met \u00c9douard Lock, a young choreographer of the new dance movement in Montreal. Lemieux then became a composer\/performer for <em>LA LA LA Human Steps<\/em> alongside Louise Lecavalier. In 1982, Michel created the performances <em>LE TYMPAN DE LA CANTATRICE<\/em> and <em>L\u2019\u0152IL RECHARGEABLE<\/em> at Galerie V\u00e9hicule Art and toured them across Canada and France. In 1984, Lemieux\u2019s solo multidisciplinary show <em>SOLIDE SALADE<\/em> made a lasting impact on both national and international performing arts scenes, touring stages across four continents for years.<\/p><p class=\"translation-block\">In 1990, he co-founded Lemieux Pilon 4D ART with Victor Pilon, launching a body of work where meaning and emotion are heightened by innovative technologies. Notable productions include <em>GRAND HOTEL DES \u00c9TRANGERS<\/em> (Mus\u00e9e d\u2019Art Contemporain de Montr\u00e9al), <em>ORF\u00c9O<\/em> (Usine C), and <em>ANIMA<\/em> (Fonderie Darling), all of which toured extensively on the international stage.<\/p><p class=\"translation-block\">In 2014, the digital installation DREAMSCAPES was presented at the Montreal Museum of Fine Arts to celebrate the 30th anniversary of 4D Art. In addition, Lemieux co-directed the theatre shows LA TEMPE\u0302TE, LA BELLE ET LA BE\u0302TE and ICARE, created at the THE\u0301A\u0302TRE DU NOUVEAU-MONDE, and NORMAN, created at PLACE DES ARTS' 5e salle. These latter shows have also been presented on numerous international tours, as have several of his other creations at the frontiers of the digital and performing arts.<\/p><p class=\"translation-block\">Lemieux also co-wrote with Pilon the major arena touring shows DELIRIUM and TORUK for CIRQUE DU SOLEIL, each of which toured the world for four years. In addition, Lemieux co-designed and directed CONTINUUM, an immersive dome narrative film for MONTREAL'S new RIO TINTO ALCAN PLANETARIUM.<\/p><p class=\"translation-block\">Since 2016, Lemieux has co-created and produced CITE\u0301 ME\u0301MOIRE MONTRE\u0301AL, the world's largest urban projection route, deployed throughout Montre\u0301al. More recently, he designed and produced CITE\u0301 ME\u0301MOIRE POINTE-AUX-TREMBLES and CITE\u0301 ME\u0301MOIRE CHARLEVOIX.<\/p><p class=\"translation-block\">In addition, Lemieux created and produced the PARCOURS INSITU AR augmented reality trail, a digital cultural trail featuring 17 of Montreal's cultural institutions, and the \nINSITU WALL, an interactive wall projected outdoors on one of the walls of the Maison symphonique de Montre\u0301al and on the The\u0301a\u0302tre Hector-Charland in l'Assomption. These latest creations are still being presented today.<\/p><p class=\"translation-block\">Michel Lemieux's solo career with 4D Art has also been marked by numerous creations and achievements, including his first performances, THE DISSOLUTION OF LADY MACBETH, a digital work commissioned by the Montreal Museum of Fine Arts to open the exhibition Thierry Mugler: Couturissime, which was seen by over 1.2 million visitors in Montreal, Rotterdam, Munich, Paris and Brooklyn.<\/p><p class=\"translation-block\">Since 2020, Michel Lemieux has created several narrative works in virtual reality, including <em>INTOUCH\u00c9, INVISIBLE<\/em> and <em>ICARUS<\/em>. The latter was showcased at numerous film festivals around the world, including the CANNES XR Festival. These works have been brought together in the <em>ESPACE 4D ART<\/em>, a virtual space where digital art extends the realm of performing arts, created as part of the <em>PIONNIERS NUM\u00c9RIQUES<\/em> exhibition organized by the <em>CENTRE PHI<\/em> for the 60th anniversary of <em>PLACE DES ARTS<\/em> in the fall of 2023. Michel also conceived, directed, and co-wrote with <a href=\"https:\/\/4dart.com\/en\/fiche-bio-denis\/\" target=\"_self\">Denis Morin<\/a> the nighttime walking trail <a href=\"https:\/\/www.parcomega.ca\/le-parcours-pedestre-nocturne\/\" target=\"_self\"><em>ONIRO<\/em><\/a>, presented since June 2025 at Parc OM\u00c9GA. This trail features 17 projection scenes, offering a total of 60 minutes of immersion into the dreams of the park\u2019s animals.<\/p><p>Michel continues to expand his creative universe with many new creations to come.<\/p><\/div>\t\t\t\t\t\t\t\t<\/div>\n\t\t\t\t<\/div>\n\t\t\t\t<\/div>\n\t\t<div class=\"elementor-element elementor-element-3664793 e-con-full e-flex e-con e-parent\" data-id=\"3664793\" data-element_type=\"container\" data-e-type=\"container\">\n\t\t<div class=\"elementor-element elementor-element-52e692c e-con-full e-flex e-con e-child\" data-id=\"52e692c\" data-element_type=\"container\" data-e-type=\"container\">\n\t\t\t\t<div class=\"elementor-element elementor-element-c230b9c elementor-widget elementor-widget-spacer\" data-id=\"c230b9c\" data-element_type=\"widget\" data-e-type=\"widget\" data-widget_type=\"spacer.default\">\n\t\t\t\t<div class=\"elementor-widget-container\">\n\t\t\t\t\t\t\t<div class=\"elementor-spacer\">\n\t\t\t<div class=\"elementor-spacer-inner\"><\/div>\n\t\t<\/div>\n\t\t\t\t\t\t<\/div>\n\t\t\t\t<\/div>\n\t\t\t\t<\/div>\n\t\t<div class=\"elementor-element elementor-element-87448e4 e-con-full e-flex e-con e-child\" data-id=\"87448e4\" data-element_type=\"container\" data-e-type=\"container\" data-settings=\"{&quot;background_background&quot;:&quot;classic&quot;}\">\n\t\t<div class=\"elementor-element elementor-element-e0d9f2a e-con-full e-flex e-con e-child\" data-id=\"e0d9f2a\" data-element_type=\"container\" data-e-type=\"container\">\n\t\t\t\t<div class=\"elementor-element elementor-element-7c90431 elementor-widget elementor-widget-image\" data-id=\"7c90431\" data-element_type=\"widget\" data-e-type=\"widget\" data-widget_type=\"image.default\">\n\t\t\t\t<div class=\"elementor-widget-container\">\n\t\t\t\t\t\t\t\t\t\t\t\t\t\t\t\t<a href=\"https:\/\/brouillon-4dart-com.preview-domain.com\/\">\n\t\t\t\t\t\t\t<img decoding=\"async\" width=\"320\" height=\"100\" src=\"https:\/\/4dart.com\/wp-content\/uploads\/2025\/01\/Logo-4dart-rectangle-XN.jpg\" class=\"attachment-full size-full wp-image-20350\" alt=\"\" srcset=\"https:\/\/4dart.com\/wp-content\/uploads\/2025\/01\/Logo-4dart-rectangle-XN.jpg 320w, https:\/\/4dart.com\/wp-content\/uploads\/2025\/01\/Logo-4dart-rectangle-XN-300x94.jpg 300w\" sizes=\"(max-width: 320px) 100vw, 320px\" \/>\t\t\t\t\t\t\t\t<\/a>\n\t\t\t\t\t\t\t\t\t\t\t\t\t\t\t<\/div>\n\t\t\t\t<\/div>\n\t\t\t\t<\/div>\n\t\t<div class=\"elementor-element elementor-element-48f061a e-con-full e-flex e-con e-child\" data-id=\"48f061a\" data-element_type=\"container\" data-e-type=\"container\">\n\t\t\t\t<div class=\"elementor-element elementor-element-5544cfa elementor-widget elementor-widget-qi_addons_for_elementor_animated_text\" data-id=\"5544cfa\" data-element_type=\"widget\" data-e-type=\"widget\" data-widget_type=\"qi_addons_for_elementor_animated_text.default\">\n\t\t\t\t<div class=\"elementor-widget-container\">\n\t\t\t\t\t<div class=\"qodef-shortcode qodef-m qodef-qi-animated-text qodef--animated-by-letter qodef--alignment-left qodef-qi--has-appear qodef--appear-from-bottom\" >\n\t\t<h3 class=\"qodef-m-title\">\n\t\t<span class=\"qodef-e-word-holder\">Art<\/span> <span class=\"qodef-e-word-holder\">num\u00e9rique<\/span> <span class=\"qodef-e-word-holder\">+<\/span> <span class=\"qodef-e-word-holder\">Humaniste<\/span>\t<\/h3>\n<\/div>\n\t\t\t\t<\/div>\n\t\t\t\t<\/div>\n\t\t\t\t<\/div>\n\t\t<div class=\"elementor-element elementor-element-e79a595 e-con-full e-flex e-con e-child\" data-id=\"e79a595\" data-element_type=\"container\" data-e-type=\"container\">\n\t\t\t\t<div class=\"elementor-element elementor-element-6d74ca1 elementor-widget elementor-widget-text-editor\" data-id=\"6d74ca1\" data-element_type=\"widget\" data-e-type=\"widget\" data-widget_type=\"text-editor.default\">\n\t\t\t\t<div class=\"elementor-widget-container\">\n\t\t\t\t\t\t\t\t\t<p>\u00a0<\/p><p class=\"qodef-custom-footer-link-holder\"><a class=\"qodef-custom-footer-link-underline\" href=\"mailto:contact@4dart.com\" target=\"_blank\" rel=\"noopener\">contact@4dart.com<\/a><\/p>\t\t\t\t\t\t\t\t<\/div>\n\t\t\t\t<\/div>\n\t\t\t\t<\/div>\n\t\t\t\t<\/div>\n\t\t\t\t<\/div>\n\t\t\t\t<\/div>","protected":false},"excerpt":{"rendered":"<p>Au c\u0153ur infatigable et \u00e0 l&#8217;imagination rechargeable Michel Lemieux Co-directeur artistique et Directeur g\u00e9n\u00e9ral strat\u00e9gie (O.C., C.Q., C.A.L.Q.) Artiste multidisciplinaire, dipl\u00f4m\u00e9 en production de l&#8217;\u00c9cole Nationale de Th\u00e9\u00e2tre du Canada en 1979, Michel Lemieux ne cesse d\u2019\u00e9tonner par l\u2019envergure de son registre cr\u00e9atif. Il collabore en 1980 \u00e0 une exposition de groupe intitul\u00e9e TRACES\/TRACKS cr\u00e9\u00e9e [&hellip;]<\/p>\n","protected":false},"author":1,"featured_media":0,"parent":0,"menu_order":0,"comment_status":"closed","ping_status":"closed","template":"page-full-width.php","meta":{"footnotes":""},"class_list":["post-21223","page","type-page","status-publish","hentry"],"_links":{"self":[{"href":"https:\/\/4dart.com\/en\/wp-json\/wp\/v2\/pages\/21223","targetHints":{"allow":["GET"]}}],"collection":[{"href":"https:\/\/4dart.com\/en\/wp-json\/wp\/v2\/pages"}],"about":[{"href":"https:\/\/4dart.com\/en\/wp-json\/wp\/v2\/types\/page"}],"author":[{"embeddable":true,"href":"https:\/\/4dart.com\/en\/wp-json\/wp\/v2\/users\/1"}],"replies":[{"embeddable":true,"href":"https:\/\/4dart.com\/en\/wp-json\/wp\/v2\/comments?post=21223"}],"version-history":[{"count":15,"href":"https:\/\/4dart.com\/en\/wp-json\/wp\/v2\/pages\/21223\/revisions"}],"predecessor-version":[{"id":21995,"href":"https:\/\/4dart.com\/en\/wp-json\/wp\/v2\/pages\/21223\/revisions\/21995"}],"wp:attachment":[{"href":"https:\/\/4dart.com\/en\/wp-json\/wp\/v2\/media?parent=21223"}],"curies":[{"name":"wp","href":"https:\/\/api.w.org\/{rel}","templated":true}]}}