{"id":20501,"date":"2025-02-06T16:44:17","date_gmt":"2025-02-06T16:44:17","guid":{"rendered":"https:\/\/4dart.com\/?page_id=20501"},"modified":"2025-05-27T15:17:43","modified_gmt":"2025-05-27T15:17:43","slug":"notre-equipe","status":"publish","type":"page","link":"https:\/\/4dart.com\/en\/notre-equipe\/","title":{"rendered":"Our team"},"content":{"rendered":"<div data-elementor-type=\"wp-page\" data-elementor-id=\"20501\" class=\"elementor elementor-20501\" data-elementor-post-type=\"page\">\n\t\t\t\t<div class=\"elementor-element elementor-element-ee4c048 e-flex e-con-boxed e-con e-parent\" data-id=\"ee4c048\" data-element_type=\"container\" data-e-type=\"container\">\n\t\t\t\t\t<div class=\"e-con-inner\">\n\t\t\t\t<div class=\"elementor-element elementor-element-5401a62 elementor-widget elementor-widget-heading\" data-id=\"5401a62\" data-element_type=\"widget\" data-e-type=\"widget\" data-widget_type=\"heading.default\">\n\t\t\t\t<div class=\"elementor-widget-container\">\n\t\t\t\t\t<h1 class=\"elementor-heading-title elementor-size-default\">Our team<\/h1>\t\t\t\t<\/div>\n\t\t\t\t<\/div>\n\t\t\t\t<div class=\"elementor-element elementor-element-1450acc elementor-widget elementor-widget-spacer\" data-id=\"1450acc\" data-element_type=\"widget\" data-e-type=\"widget\" data-widget_type=\"spacer.default\">\n\t\t\t\t<div class=\"elementor-widget-container\">\n\t\t\t\t\t\t\t<div class=\"elementor-spacer\">\n\t\t\t<div class=\"elementor-spacer-inner\"><\/div>\n\t\t<\/div>\n\t\t\t\t\t\t<\/div>\n\t\t\t\t<\/div>\n\t\t\t\t\t<\/div>\n\t\t\t\t<\/div>\n\t\t<div class=\"elementor-element elementor-element-e6db102 e-grid e-con-boxed e-con e-parent\" data-id=\"e6db102\" data-element_type=\"container\" data-e-type=\"container\">\n\t\t\t\t\t<div class=\"e-con-inner\">\n\t\t<div class=\"elementor-element elementor-element-95ef058 e-con-full e-flex e-con e-child\" data-id=\"95ef058\" data-element_type=\"container\" data-e-type=\"container\" data-settings=\"{&quot;background_background&quot;:&quot;classic&quot;}\" link=\"https:\/\/4dart.com\/fr\/equipe\/\">\n\t\t\t\t<div data-ra-url=\"https:\/\/4dart.com\/fr\/fiche-bio-michel-lemieux\/\" data-ra-target=\"_self\" class=\"ra-clickable-wrapper elementor-element elementor-element-ac6d2f9 imageh1 e-transform elementor-widget elementor-widget-text-editor\" style=\"cursor:pointer;\" data-id=\"ac6d2f9\" data-element_type=\"widget\" data-e-type=\"widget\" data-settings=\"{&quot;_animation&quot;:&quot;none&quot;,&quot;_transform_scale_effect&quot;:{&quot;unit&quot;:&quot;px&quot;,&quot;size&quot;:1.1,&quot;sizes&quot;:[]},&quot;_transform_scale_effect_tablet&quot;:{&quot;unit&quot;:&quot;px&quot;,&quot;size&quot;:&quot;&quot;,&quot;sizes&quot;:[]},&quot;_transform_scale_effect_mobile&quot;:{&quot;unit&quot;:&quot;px&quot;,&quot;size&quot;:&quot;&quot;,&quot;sizes&quot;:[]}}\" link=\"https:\/\/4dart.com\/fr\/equipe\/\" data-widget_type=\"text-editor.default\">\n\t\t\t\t<div class=\"elementor-widget-container\">\n\t\t\t\t\t\t\t\t\t<h3>\u00a0<\/h3><h3><strong>Michel Lemieux<\/strong><\/h3><p>Co-artistic director<\/p><p>Strategic General Director<\/p>\t\t\t\t\t\t\t\t<\/div>\n\t\t\t\t<\/div>\n\t\t\t\t<\/div>\n\t\t<div class=\"elementor-element elementor-element-303eadc e-con-full e-flex e-con e-child\" data-id=\"303eadc\" data-element_type=\"container\" data-e-type=\"container\" data-settings=\"{&quot;background_background&quot;:&quot;classic&quot;}\" link=\"https:\/\/4dart.com\/fr\/equipe\/\">\n\t\t\t\t<div data-ra-url=\"https:\/\/4dart.com\/fr\/fiche-bio-victor-pilon\/\" data-ra-target=\"_self\" class=\"ra-clickable-wrapper elementor-element elementor-element-91a4599 imageh1 e-transform elementor-widget elementor-widget-text-editor\" style=\"cursor:pointer;\" data-id=\"91a4599\" data-element_type=\"widget\" data-e-type=\"widget\" data-settings=\"{&quot;_animation&quot;:&quot;none&quot;,&quot;_transform_scale_effect&quot;:{&quot;unit&quot;:&quot;px&quot;,&quot;size&quot;:1.1,&quot;sizes&quot;:[]},&quot;_transform_scale_effect_tablet&quot;:{&quot;unit&quot;:&quot;px&quot;,&quot;size&quot;:&quot;&quot;,&quot;sizes&quot;:[]},&quot;_transform_scale_effect_mobile&quot;:{&quot;unit&quot;:&quot;px&quot;,&quot;size&quot;:&quot;&quot;,&quot;sizes&quot;:[]}}\" link=\"https:\/\/4dart.com\/fr\/equipe\/\" data-widget_type=\"text-editor.default\">\n\t\t\t\t<div class=\"elementor-widget-container\">\n\t\t\t\t\t\t\t\t\t<h3>\u00a0<\/h3><h3><strong>Victor Pilon<\/strong><\/h3><p>Co-artistic director<\/p><p>\u00a0<\/p><p>\u00a0<\/p>\t\t\t\t\t\t\t\t<\/div>\n\t\t\t\t<\/div>\n\t\t\t\t<\/div>\n\t\t<div class=\"elementor-element elementor-element-7157387 e-con-full e-flex e-con e-child\" data-id=\"7157387\" data-element_type=\"container\" data-e-type=\"container\" data-settings=\"{&quot;background_background&quot;:&quot;classic&quot;}\" link=\"https:\/\/4dart.com\/fr\/equipe\/\">\n\t\t\t\t<div data-ra-url=\"https:\/\/4dart.com\/fiche-bio-denis\/\" data-ra-target=\"_self\" class=\"ra-clickable-wrapper elementor-element elementor-element-e0daf8e imageh1 e-transform elementor-widget elementor-widget-text-editor\" style=\"cursor:pointer;\" data-id=\"e0daf8e\" data-element_type=\"widget\" data-e-type=\"widget\" data-settings=\"{&quot;_animation&quot;:&quot;none&quot;,&quot;_transform_scale_effect&quot;:{&quot;unit&quot;:&quot;px&quot;,&quot;size&quot;:1.1,&quot;sizes&quot;:[]},&quot;_transform_scale_effect_tablet&quot;:{&quot;unit&quot;:&quot;px&quot;,&quot;size&quot;:&quot;&quot;,&quot;sizes&quot;:[]},&quot;_transform_scale_effect_mobile&quot;:{&quot;unit&quot;:&quot;px&quot;,&quot;size&quot;:&quot;&quot;,&quot;sizes&quot;:[]}}\" link=\"https:\/\/4dart.com\/fr\/equipe\/\" data-widget_type=\"text-editor.default\">\n\t\t\t\t<div class=\"elementor-widget-container\">\n\t\t\t\t\t\t\t\t\t<h3>\u00a0<\/h3><h3><strong>Denis Morin<\/strong><\/h3><p>Director of Operations<\/p>\t\t\t\t\t\t\t\t<\/div>\n\t\t\t\t<\/div>\n\t\t\t\t<\/div>\n\t\t\t\t\t<\/div>\n\t\t\t\t<\/div>\n\t\t<div class=\"elementor-element elementor-element-833a19e e-grid e-con-boxed e-con e-parent\" data-id=\"833a19e\" data-element_type=\"container\" data-e-type=\"container\">\n\t\t\t\t\t<div class=\"e-con-inner\">\n\t\t<div class=\"elementor-element elementor-element-434d845 e-con-full e-flex e-con e-child\" data-id=\"434d845\" data-element_type=\"container\" data-e-type=\"container\" data-settings=\"{&quot;background_background&quot;:&quot;classic&quot;}\" link=\"https:\/\/4dart.com\/fr\/equipe\/\">\n\t\t\t\t<div data-ra-url=\"https:\/\/4dart.com\/fr\/fiche-bio-alina-vartanian\/\" data-ra-target=\"_self\" class=\"ra-clickable-wrapper elementor-element elementor-element-c8a909b imageh1 e-transform elementor-widget elementor-widget-text-editor\" style=\"cursor:pointer;\" data-id=\"c8a909b\" data-element_type=\"widget\" data-e-type=\"widget\" data-settings=\"{&quot;_animation&quot;:&quot;none&quot;,&quot;_transform_scale_effect&quot;:{&quot;unit&quot;:&quot;px&quot;,&quot;size&quot;:1.1,&quot;sizes&quot;:[]},&quot;_transform_scale_effect_tablet&quot;:{&quot;unit&quot;:&quot;px&quot;,&quot;size&quot;:&quot;&quot;,&quot;sizes&quot;:[]},&quot;_transform_scale_effect_mobile&quot;:{&quot;unit&quot;:&quot;px&quot;,&quot;size&quot;:&quot;&quot;,&quot;sizes&quot;:[]}}\" link=\"https:\/\/4dart.com\/fr\/equipe\/\" data-widget_type=\"text-editor.default\">\n\t\t\t\t<div class=\"elementor-widget-container\">\n\t\t\t\t\t\t\t\t\t<h3>\u00a0<\/h3><h3><strong>Alina Joy Vartanian<\/strong><\/h3><p>Administrative Manager<\/p><p>Production assistant<\/p><p>\u00a0<\/p>\t\t\t\t\t\t\t\t<\/div>\n\t\t\t\t<\/div>\n\t\t\t\t<\/div>\n\t\t<div class=\"elementor-element elementor-element-5857e1a e-con-full e-flex e-con e-child\" data-id=\"5857e1a\" data-element_type=\"container\" data-e-type=\"container\" data-settings=\"{&quot;background_background&quot;:&quot;classic&quot;}\" link=\"https:\/\/4dart.com\/fr\/equipe\/\">\n\t\t\t\t<div data-ra-url=\"https:\/\/4dart.com\/fr\/fiche-bio-thibault-picquoin\/\" data-ra-target=\"_self\" class=\"ra-clickable-wrapper elementor-element elementor-element-f05806c imageh1 e-transform elementor-widget elementor-widget-text-editor\" style=\"cursor:pointer;\" data-id=\"f05806c\" data-element_type=\"widget\" data-e-type=\"widget\" data-settings=\"{&quot;_animation&quot;:&quot;none&quot;,&quot;_transform_scale_effect&quot;:{&quot;unit&quot;:&quot;px&quot;,&quot;size&quot;:1.1,&quot;sizes&quot;:[]},&quot;_transform_scale_effect_tablet&quot;:{&quot;unit&quot;:&quot;px&quot;,&quot;size&quot;:&quot;&quot;,&quot;sizes&quot;:[]},&quot;_transform_scale_effect_mobile&quot;:{&quot;unit&quot;:&quot;px&quot;,&quot;size&quot;:&quot;&quot;,&quot;sizes&quot;:[]}}\" link=\"https:\/\/4dart.com\/fr\/equipe\/\" data-widget_type=\"text-editor.default\">\n\t\t\t\t<div class=\"elementor-widget-container\">\n\t\t\t\t\t\t\t\t\t<h3>\u00a0<\/h3><h3><strong>Thibault\u00a0 <\/strong><strong>Picquoin<\/strong><\/h3><p>Technological director<\/p><p>Assistant to the artistic director<\/p>\t\t\t\t\t\t\t\t<\/div>\n\t\t\t\t<\/div>\n\t\t\t\t<\/div>\n\t\t\t\t\t<\/div>\n\t\t\t\t<\/div>\n\t\t<div class=\"elementor-element elementor-element-ce34388 e-flex e-con-boxed e-con e-parent\" data-id=\"ce34388\" data-element_type=\"container\" data-e-type=\"container\">\n\t\t\t\t\t<div class=\"e-con-inner\">\n\t\t<div class=\"elementor-element elementor-element-51174cc e-con-full e-flex e-con e-child\" data-id=\"51174cc\" data-element_type=\"container\" data-e-type=\"container\">\n\t\t\t\t<div class=\"elementor-element elementor-element-b68fce5 elementor-widget elementor-widget-spacer\" data-id=\"b68fce5\" data-element_type=\"widget\" data-e-type=\"widget\" data-widget_type=\"spacer.default\">\n\t\t\t\t<div class=\"elementor-widget-container\">\n\t\t\t\t\t\t\t<div class=\"elementor-spacer\">\n\t\t\t<div class=\"elementor-spacer-inner\"><\/div>\n\t\t<\/div>\n\t\t\t\t\t\t<\/div>\n\t\t\t\t<\/div>\n\t\t\t\t<\/div>\n\t\t<div class=\"elementor-element elementor-element-a8dceb7 e-grid e-con-full e-con e-child\" data-id=\"a8dceb7\" data-element_type=\"container\" data-e-type=\"container\">\n\t\t\t\t<div class=\"elementor-element elementor-element-4f95d8a elementor-widget elementor-widget-button\" data-id=\"4f95d8a\" data-element_type=\"widget\" data-e-type=\"widget\" data-widget_type=\"button.default\">\n\t\t\t\t<div class=\"elementor-widget-container\">\n\t\t\t\t\t\t\t\t\t<div class=\"elementor-button-wrapper\">\n\t\t\t\t\t<a class=\"elementor-button elementor-button-link elementor-size-sm elementor-animation-sink\" href=\"https:\/\/4dart.com\/en\/nos-partenaires\/\">\n\t\t\t\t\t\t<span class=\"elementor-button-content-wrapper\">\n\t\t\t\t\t\t<span class=\"elementor-button-icon\">\n\t\t\t\t<i aria-hidden=\"true\" class=\"fas fa-angle-double-left\"><\/i>\t\t\t<\/span>\n\t\t\t\t\t\t\t\t\t<span class=\"elementor-button-text\">Our partners<\/span>\n\t\t\t\t\t<\/span>\n\t\t\t\t\t<\/a>\n\t\t\t\t<\/div>\n\t\t\t\t\t\t\t\t<\/div>\n\t\t\t\t<\/div>\n\t\t\t\t<div class=\"elementor-element elementor-element-6c62f43 elementor-align-right elementor-widget elementor-widget-button\" data-id=\"6c62f43\" data-element_type=\"widget\" data-e-type=\"widget\" data-widget_type=\"button.default\">\n\t\t\t\t<div class=\"elementor-widget-container\">\n\t\t\t\t\t\t\t\t\t<div class=\"elementor-button-wrapper\">\n\t\t\t\t\t<a class=\"elementor-button elementor-button-link elementor-size-sm elementor-animation-sink\" href=\"https:\/\/4dart.com\/en\/about-us\/\">\n\t\t\t\t\t\t<span class=\"elementor-button-content-wrapper\">\n\t\t\t\t\t\t<span class=\"elementor-button-icon\">\n\t\t\t\t<i aria-hidden=\"true\" class=\"fas fa-angle-double-right\"><\/i>\t\t\t<\/span>\n\t\t\t\t\t\t\t\t\t<span class=\"elementor-button-text\">Our story<\/span>\n\t\t\t\t\t<\/span>\n\t\t\t\t\t<\/a>\n\t\t\t\t<\/div>\n\t\t\t\t\t\t\t\t<\/div>\n\t\t\t\t<\/div>\n\t\t\t\t<\/div>\n\t\t\t\t\t<\/div>\n\t\t\t\t<\/div>\n\t\t<div class=\"elementor-element elementor-element-1039056 e-con-full e-flex e-con e-parent\" data-id=\"1039056\" data-element_type=\"container\" data-e-type=\"container\">\n\t\t<div class=\"elementor-element elementor-element-94df466 e-con-full e-flex e-con e-child\" data-id=\"94df466\" data-element_type=\"container\" data-e-type=\"container\">\n\t\t\t\t<div class=\"elementor-element elementor-element-eb98c7b elementor-widget elementor-widget-spacer\" data-id=\"eb98c7b\" data-element_type=\"widget\" data-e-type=\"widget\" data-widget_type=\"spacer.default\">\n\t\t\t\t<div class=\"elementor-widget-container\">\n\t\t\t\t\t\t\t<div class=\"elementor-spacer\">\n\t\t\t<div class=\"elementor-spacer-inner\"><\/div>\n\t\t<\/div>\n\t\t\t\t\t\t<\/div>\n\t\t\t\t<\/div>\n\t\t\t\t<\/div>\n\t\t<div class=\"elementor-element elementor-element-f976481 e-con-full e-flex e-con e-child\" data-id=\"f976481\" data-element_type=\"container\" data-e-type=\"container\" data-settings=\"{&quot;background_background&quot;:&quot;classic&quot;}\">\n\t\t<div class=\"elementor-element elementor-element-6f0dd52 e-con-full e-flex e-con e-child\" data-id=\"6f0dd52\" data-element_type=\"container\" data-e-type=\"container\">\n\t\t\t\t<div class=\"elementor-element elementor-element-872343f elementor-widget elementor-widget-image\" data-id=\"872343f\" data-element_type=\"widget\" data-e-type=\"widget\" data-widget_type=\"image.default\">\n\t\t\t\t<div class=\"elementor-widget-container\">\n\t\t\t\t\t\t\t\t\t\t\t\t\t\t\t\t<a href=\"https:\/\/brouillon-4dart-com.preview-domain.com\/\">\n\t\t\t\t\t\t\t<img decoding=\"async\" width=\"320\" height=\"100\" src=\"https:\/\/4dart.com\/wp-content\/uploads\/2025\/01\/Logo-4dart-rectangle-XN.jpg\" class=\"attachment-full size-full wp-image-20350\" alt=\"\" srcset=\"https:\/\/4dart.com\/wp-content\/uploads\/2025\/01\/Logo-4dart-rectangle-XN.jpg 320w, https:\/\/4dart.com\/wp-content\/uploads\/2025\/01\/Logo-4dart-rectangle-XN-300x94.jpg 300w\" sizes=\"(max-width: 320px) 100vw, 320px\" \/>\t\t\t\t\t\t\t\t<\/a>\n\t\t\t\t\t\t\t\t\t\t\t\t\t\t\t<\/div>\n\t\t\t\t<\/div>\n\t\t\t\t<\/div>\n\t\t<div class=\"elementor-element elementor-element-6ee8c2b e-con-full e-flex e-con e-child\" data-id=\"6ee8c2b\" data-element_type=\"container\" data-e-type=\"container\">\n\t\t\t\t<div class=\"elementor-element elementor-element-e898285 elementor-widget elementor-widget-qi_addons_for_elementor_animated_text\" data-id=\"e898285\" data-element_type=\"widget\" data-e-type=\"widget\" data-widget_type=\"qi_addons_for_elementor_animated_text.default\">\n\t\t\t\t<div class=\"elementor-widget-container\">\n\t\t\t\t\t<div class=\"qodef-shortcode qodef-m qodef-qi-animated-text qodef--animated-by-letter qodef--alignment-left qodef-qi--has-appear qodef--appear-from-bottom\" >\n\t\t<h3 class=\"qodef-m-title\">\n\t\t<span class=\"qodef-e-word-holder\">Art<\/span> <span class=\"qodef-e-word-holder\">num\u00e9rique<\/span> <span class=\"qodef-e-word-holder\">+<\/span> <span class=\"qodef-e-word-holder\">Humaniste<\/span>\t<\/h3>\n<\/div>\n\t\t\t\t<\/div>\n\t\t\t\t<\/div>\n\t\t\t\t<\/div>\n\t\t<div class=\"elementor-element elementor-element-da3c4b7 e-con-full e-flex e-con e-child\" data-id=\"da3c4b7\" data-element_type=\"container\" data-e-type=\"container\">\n\t\t\t\t<div class=\"elementor-element elementor-element-3b08325 elementor-widget elementor-widget-text-editor\" data-id=\"3b08325\" data-element_type=\"widget\" data-e-type=\"widget\" data-widget_type=\"text-editor.default\">\n\t\t\t\t<div class=\"elementor-widget-container\">\n\t\t\t\t\t\t\t\t\t<p>\u00a0<\/p><p class=\"qodef-custom-footer-link-holder\"><a class=\"qodef-custom-footer-link-underline\" href=\"mailto:contact@4dart.com\" target=\"_blank\" rel=\"noopener\">contact@4dart.com<\/a><\/p>\t\t\t\t\t\t\t\t<\/div>\n\t\t\t\t<\/div>\n\t\t\t\t<\/div>\n\t\t\t\t<\/div>\n\t\t\t\t<\/div>\n\t\t\t\t<\/div>","protected":false},"excerpt":{"rendered":"<p>Notre \u00e9quipe \u00a0 Michel Lemieux Co-directeur artistique Directeur g\u00e9n\u00e9ral strat\u00e9gique \u00a0 Victor Pilon Co-directeur artistique \u00a0 \u00a0 \u00a0 Denis Morin Directeur des op\u00e9rations \u00a0 Alina Joy Vartanian Responsable administrative Assistante de production \u00a0 \u00a0 Thibault\u00a0 Picquoin Directeur technologique Assistant \u00e0 la direction artistique Nos partenaires Notre histoire Art num\u00e9rique + Humaniste \u00a0 contact@4dart.com<\/p>","protected":false},"author":1,"featured_media":0,"parent":0,"menu_order":0,"comment_status":"closed","ping_status":"closed","template":"","meta":{"footnotes":""},"class_list":["post-20501","page","type-page","status-publish","hentry"],"_links":{"self":[{"href":"https:\/\/4dart.com\/en\/wp-json\/wp\/v2\/pages\/20501","targetHints":{"allow":["GET"]}}],"collection":[{"href":"https:\/\/4dart.com\/en\/wp-json\/wp\/v2\/pages"}],"about":[{"href":"https:\/\/4dart.com\/en\/wp-json\/wp\/v2\/types\/page"}],"author":[{"embeddable":true,"href":"https:\/\/4dart.com\/en\/wp-json\/wp\/v2\/users\/1"}],"replies":[{"embeddable":true,"href":"https:\/\/4dart.com\/en\/wp-json\/wp\/v2\/comments?post=20501"}],"version-history":[{"count":6,"href":"https:\/\/4dart.com\/en\/wp-json\/wp\/v2\/pages\/20501\/revisions"}],"predecessor-version":[{"id":21957,"href":"https:\/\/4dart.com\/en\/wp-json\/wp\/v2\/pages\/20501\/revisions\/21957"}],"wp:attachment":[{"href":"https:\/\/4dart.com\/en\/wp-json\/wp\/v2\/media?parent=20501"}],"curies":[{"name":"wp","href":"https:\/\/api.w.org\/{rel}","templated":true}]}}